{"id":1015,"date":"2024-05-21T09:52:47","date_gmt":"2024-05-21T07:52:47","guid":{"rendered":"https:\/\/monteeshistoriques.corsica\/?page_id=1015"},"modified":"2024-05-21T12:27:41","modified_gmt":"2024-05-21T10:27:41","slug":"engagement-campile-2024","status":"publish","type":"page","link":"https:\/\/monteeshistoriques.corsica\/index.php\/engagement-campile-2024\/","title":{"rendered":"Engagement"},"content":{"rendered":"\n<p><br>Ci-dessous, le formulaire d&rsquo;engagement de la Mont\u00e9e Historique de Campile.<br>Toutes les informations sont contenues dans le document.<br><br>Nous restons \u00e0 votre disposition pour tout compl\u00e9ment d&rsquo;information par mail, ou t\u00e9l\u00e9phone.<br>Nous vous r\u00e9pondrons le plus rapidement possible. <\/p>\n\n\n\n<div data-wp-interactive=\"core\/file\" class=\"wp-block-file\"><object data-wp-bind--hidden=\"!state.hasPdfPreview\" hidden class=\"wp-block-file__embed\" data=\"https:\/\/monteeshistoriques.corsica\/wp-content\/uploads\/2024\/05\/Dossier-engagement-Campile-2024-PDF-1.pdf\" type=\"application\/pdf\" style=\"width:100%;height:600px\" aria-label=\"Contenu embarqu\u00e9 &lt;strong&gt;Engagement PDF&lt;\/strong&gt;.\"><\/object><a id=\"wp-block-file--media-fafbb1ed-d6d3-4853-971e-95304b0c9453\" href=\"https:\/\/monteeshistoriques.corsica\/wp-content\/uploads\/2024\/05\/Dossier-engagement-Campile-2024-PDF-1.pdf\"><strong>Engagement PDF<\/strong><\/a><a href=\"https:\/\/monteeshistoriques.corsica\/wp-content\/uploads\/2024\/05\/Dossier-engagement-Campile-2024-PDF-1.pdf\" class=\"wp-block-file__button wp-element-button\" download aria-describedby=\"wp-block-file--media-fafbb1ed-d6d3-4853-971e-95304b0c9453\"><strong>T\u00e9l\u00e9charger<\/strong><\/a><\/div>\n\n\n\n<div class=\"wp-block-file\"><a id=\"wp-block-file--media-97a936c2-9084-4ce4-bf73-d96691ca3b67\" href=\"https:\/\/monteeshistoriques.corsica\/wp-content\/uploads\/2024\/05\/Dossier-engagement-Campile-2024-DOC.doc\"><strong>Engagement DOC<\/strong><\/a><a href=\"https:\/\/monteeshistoriques.corsica\/wp-content\/uploads\/2024\/05\/Dossier-engagement-Campile-2024-DOC.doc\" class=\"wp-block-file__button wp-element-button\" download aria-describedby=\"wp-block-file--media-97a936c2-9084-4ce4-bf73-d96691ca3b67\"><strong>T\u00e9l\u00e9charger<\/strong><\/a><\/div>\n","protected":false},"excerpt":{"rendered":"<p>Ci-dessous, le formulaire d&rsquo;engagement de la Mont\u00e9e Historique de Campile.Toutes les informations sont contenues dans le document. Nous restons \u00e0&hellip;<\/p>\n","protected":false},"author":1,"featured_media":0,"parent":0,"menu_order":0,"comment_status":"closed","ping_status":"closed","template":"","meta":{"footnotes":""},"class_list":["post-1015","page","type-page","status-publish","hentry"],"_links":{"self":[{"href":"https:\/\/monteeshistoriques.corsica\/index.php\/wp-json\/wp\/v2\/pages\/1015","targetHints":{"allow":["GET"]}}],"collection":[{"href":"https:\/\/monteeshistoriques.corsica\/index.php\/wp-json\/wp\/v2\/pages"}],"about":[{"href":"https:\/\/monteeshistoriques.corsica\/index.php\/wp-json\/wp\/v2\/types\/page"}],"author":[{"embeddable":true,"href":"https:\/\/monteeshistoriques.corsica\/index.php\/wp-json\/wp\/v2\/users\/1"}],"replies":[{"embeddable":true,"href":"https:\/\/monteeshistoriques.corsica\/index.php\/wp-json\/wp\/v2\/comments?post=1015"}],"version-history":[{"count":9,"href":"https:\/\/monteeshistoriques.corsica\/index.php\/wp-json\/wp\/v2\/pages\/1015\/revisions"}],"predecessor-version":[{"id":1036,"href":"https:\/\/monteeshistoriques.corsica\/index.php\/wp-json\/wp\/v2\/pages\/1015\/revisions\/1036"}],"wp:attachment":[{"href":"https:\/\/monteeshistoriques.corsica\/index.php\/wp-json\/wp\/v2\/media?parent=1015"}],"curies":[{"name":"wp","href":"https:\/\/api.w.org\/{rel}","templated":true}]}}