{"id":1021,"date":"2024-05-21T09:55:07","date_gmt":"2024-05-21T07:55:07","guid":{"rendered":"https:\/\/monteeshistoriques.corsica\/?page_id=1021"},"modified":"2024-05-21T16:52:48","modified_gmt":"2024-05-21T14:52:48","slug":"rts-2024-campile","status":"publish","type":"page","link":"https:\/\/monteeshistoriques.corsica\/index.php\/rts-2024-campile\/","title":{"rendered":"Documents et RTS"},"content":{"rendered":"\n<p>Vous retrouvez ci-dessous le RTS, en lecture, mais \u00e9galement en t\u00e9l\u00e9chargement. <\/p>\n\n\n\n<div data-wp-interactive=\"core\/file\" class=\"wp-block-file\"><object data-wp-bind--hidden=\"!state.hasPdfPreview\" hidden class=\"wp-block-file__embed\" data=\"https:\/\/monteeshistoriques.corsica\/wp-content\/uploads\/2024\/05\/CLM-RTS-2024.pdf\" type=\"application\/pdf\" style=\"width:100%;height:600px\" aria-label=\"Contenu embarqu\u00e9 &lt;strong&gt;RTS MH Campile &lt;\/strong&gt;.\"><\/object><a id=\"wp-block-file--media-c420bc7e-4cb5-4cf0-93e8-6d5f6c4849aa\" href=\"https:\/\/monteeshistoriques.corsica\/wp-content\/uploads\/2024\/05\/CLM-RTS-2024.pdf\"><strong>RTS MH Campile <\/strong><\/a><a href=\"https:\/\/monteeshistoriques.corsica\/wp-content\/uploads\/2024\/05\/CLM-RTS-2024.pdf\" class=\"wp-block-file__button wp-element-button\" download aria-describedby=\"wp-block-file--media-c420bc7e-4cb5-4cf0-93e8-6d5f6c4849aa\"><strong>T\u00e9l\u00e9charger<\/strong><\/a><\/div>\n","protected":false},"excerpt":{"rendered":"<p>Vous retrouvez ci-dessous le RTS, en lecture, mais \u00e9galement en t\u00e9l\u00e9chargement.<\/p>\n","protected":false},"author":1,"featured_media":0,"parent":0,"menu_order":0,"comment_status":"closed","ping_status":"closed","template":"","meta":{"footnotes":""},"class_list":["post-1021","page","type-page","status-publish","hentry"],"_links":{"self":[{"href":"https:\/\/monteeshistoriques.corsica\/index.php\/wp-json\/wp\/v2\/pages\/1021","targetHints":{"allow":["GET"]}}],"collection":[{"href":"https:\/\/monteeshistoriques.corsica\/index.php\/wp-json\/wp\/v2\/pages"}],"about":[{"href":"https:\/\/monteeshistoriques.corsica\/index.php\/wp-json\/wp\/v2\/types\/page"}],"author":[{"embeddable":true,"href":"https:\/\/monteeshistoriques.corsica\/index.php\/wp-json\/wp\/v2\/users\/1"}],"replies":[{"embeddable":true,"href":"https:\/\/monteeshistoriques.corsica\/index.php\/wp-json\/wp\/v2\/comments?post=1021"}],"version-history":[{"count":4,"href":"https:\/\/monteeshistoriques.corsica\/index.php\/wp-json\/wp\/v2\/pages\/1021\/revisions"}],"predecessor-version":[{"id":1040,"href":"https:\/\/monteeshistoriques.corsica\/index.php\/wp-json\/wp\/v2\/pages\/1021\/revisions\/1040"}],"wp:attachment":[{"href":"https:\/\/monteeshistoriques.corsica\/index.php\/wp-json\/wp\/v2\/media?parent=1021"}],"curies":[{"name":"wp","href":"https:\/\/api.w.org\/{rel}","templated":true}]}}