{"id":1110,"date":"2025-03-21T09:12:41","date_gmt":"2025-03-21T08:12:41","guid":{"rendered":"https:\/\/monteeshistoriques.corsica\/?page_id=1110"},"modified":"2025-03-21T09:31:07","modified_gmt":"2025-03-21T08:31:07","slug":"edition-2025-borgo","status":"publish","type":"page","link":"https:\/\/monteeshistoriques.corsica\/index.php\/edition-2025-borgo\/","title":{"rendered":"Documents r\u00e9glementaires"},"content":{"rendered":"\n<p>Le <strong>R\u00e8glement Technique et de S\u00e9curit\u00e9 (RTS)<\/strong> est d\u00e9sormais disponible ! \ud83d\udcdc\ud83d\udd27<\/p>\n\n\n\n<p>\ud83d\udcc2 <strong>T\u00e9l\u00e9chargement possible au format PDF<\/strong> pour plus de praticit\u00e9.<\/p>\n\n\n\n<p>\ud83d\udce2 Assurez-vous d\u2019en prendre connaissance avant l\u2019\u00e9v\u00e9nement !<\/p>\n\n\n\n<p>\u00c0 tr\u00e8s bient\u00f4t sur les routes ! \ud83d\ude97\ud83d\udca8<\/p>\n\n\n\n<div data-wp-interactive=\"core\/file\" class=\"wp-block-file\"><object data-wp-bind--hidden=\"!state.hasPdfPreview\" hidden class=\"wp-block-file__embed\" data=\"https:\/\/monteeshistoriques.corsica\/wp-content\/uploads\/2025\/03\/RTS-Modifie-Mai-2025.pdf\" type=\"application\/pdf\" style=\"width:100%;height:600px\" aria-label=\"Contenu embarqu\u00e9 RTS 2025.\"><\/object><a id=\"wp-block-file--media-5dd0c801-0a28-4388-8550-d760a472ef82\" href=\"https:\/\/monteeshistoriques.corsica\/wp-content\/uploads\/2025\/03\/RTS-Modifie-Mai-2025.pdf\">RTS 2025<\/a><a href=\"https:\/\/monteeshistoriques.corsica\/wp-content\/uploads\/2025\/03\/RTS-Modifie-Mai-2025.pdf\" class=\"wp-block-file__button wp-element-button\" download aria-describedby=\"wp-block-file--media-5dd0c801-0a28-4388-8550-d760a472ef82\">T\u00e9l\u00e9charger<\/a><\/div>\n","protected":false},"excerpt":{"rendered":"<p>Le R\u00e8glement Technique et de S\u00e9curit\u00e9 (RTS) est d\u00e9sormais disponible ! \ud83d\udcdc\ud83d\udd27 \ud83d\udcc2 T\u00e9l\u00e9chargement possible au format PDF pour plus&hellip;<\/p>\n","protected":false},"author":1,"featured_media":0,"parent":0,"menu_order":0,"comment_status":"closed","ping_status":"closed","template":"","meta":{"footnotes":""},"class_list":["post-1110","page","type-page","status-publish","hentry"],"_links":{"self":[{"href":"https:\/\/monteeshistoriques.corsica\/index.php\/wp-json\/wp\/v2\/pages\/1110","targetHints":{"allow":["GET"]}}],"collection":[{"href":"https:\/\/monteeshistoriques.corsica\/index.php\/wp-json\/wp\/v2\/pages"}],"about":[{"href":"https:\/\/monteeshistoriques.corsica\/index.php\/wp-json\/wp\/v2\/types\/page"}],"author":[{"embeddable":true,"href":"https:\/\/monteeshistoriques.corsica\/index.php\/wp-json\/wp\/v2\/users\/1"}],"replies":[{"embeddable":true,"href":"https:\/\/monteeshistoriques.corsica\/index.php\/wp-json\/wp\/v2\/comments?post=1110"}],"version-history":[{"count":3,"href":"https:\/\/monteeshistoriques.corsica\/index.php\/wp-json\/wp\/v2\/pages\/1110\/revisions"}],"predecessor-version":[{"id":1132,"href":"https:\/\/monteeshistoriques.corsica\/index.php\/wp-json\/wp\/v2\/pages\/1110\/revisions\/1132"}],"wp:attachment":[{"href":"https:\/\/monteeshistoriques.corsica\/index.php\/wp-json\/wp\/v2\/media?parent=1110"}],"curies":[{"name":"wp","href":"https:\/\/api.w.org\/{rel}","templated":true}]}}