{"id":1113,"date":"2025-03-21T09:14:32","date_gmt":"2025-03-21T08:14:32","guid":{"rendered":"https:\/\/monteeshistoriques.corsica\/?page_id=1113"},"modified":"2025-03-21T09:28:53","modified_gmt":"2025-03-21T08:28:53","slug":"programme-borgo-2025","status":"publish","type":"page","link":"https:\/\/monteeshistoriques.corsica\/index.php\/programme-borgo-2025\/","title":{"rendered":"Programme"},"content":{"rendered":"\n<p>Le programme de l\u2019\u00e9v\u00e9nement est d\u00e9sormais disponible ! \ud83d\udcc5\ud83c\udfce\ufe0f<\/p>\n\n\n\n<p>\ud83d\udcc2 <strong>T\u00e9l\u00e9chargeable en formats PDF<\/strong> pour plus de praticit\u00e9.<\/p>\n\n\n\n<p>\ud83d\udce2 Pr\u00e9parez-vous pour une journ\u00e9e passionnante !<\/p>\n\n\n\n<p>\u00c0 tr\u00e8s bient\u00f4t sur les routes ! \ud83d\ude97\ud83d\udca8<\/p>\n\n\n\n<div data-wp-interactive=\"core\/file\" class=\"wp-block-file\"><object data-wp-bind--hidden=\"!state.hasPdfPreview\" hidden class=\"wp-block-file__embed\" data=\"https:\/\/monteeshistoriques.corsica\/wp-content\/uploads\/2025\/03\/PROGRAMME_HORAIRE_MH_Borgo_Vignale_2025_3u6NHlx.pdf\" type=\"application\/pdf\" style=\"width:100%;height:600px\" aria-label=\"Contenu embarqu\u00e9 _PROGRAMME_HORAIRE_MH_Borgo_Vignale_2025_3u6NHlx.\"><\/object><a id=\"wp-block-file--media-199d8415-dfcc-4075-b818-3fdd07f458ec\" href=\"https:\/\/monteeshistoriques.corsica\/wp-content\/uploads\/2025\/03\/PROGRAMME_HORAIRE_MH_Borgo_Vignale_2025_3u6NHlx.pdf\">_PROGRAMME_HORAIRE_MH_Borgo_Vignale_2025_3u6NHlx<\/a><a href=\"https:\/\/monteeshistoriques.corsica\/wp-content\/uploads\/2025\/03\/PROGRAMME_HORAIRE_MH_Borgo_Vignale_2025_3u6NHlx.pdf\" class=\"wp-block-file__button wp-element-button\" download aria-describedby=\"wp-block-file--media-199d8415-dfcc-4075-b818-3fdd07f458ec\">T\u00e9l\u00e9charger<\/a><\/div>\n","protected":false},"excerpt":{"rendered":"<p>Le programme de l\u2019\u00e9v\u00e9nement est d\u00e9sormais disponible ! \ud83d\udcc5\ud83c\udfce\ufe0f \ud83d\udcc2 T\u00e9l\u00e9chargeable en formats PDF pour plus de praticit\u00e9. \ud83d\udce2 Pr\u00e9parez-vous&hellip;<\/p>\n","protected":false},"author":1,"featured_media":0,"parent":0,"menu_order":0,"comment_status":"closed","ping_status":"closed","template":"","meta":{"footnotes":""},"class_list":["post-1113","page","type-page","status-publish","hentry"],"_links":{"self":[{"href":"https:\/\/monteeshistoriques.corsica\/index.php\/wp-json\/wp\/v2\/pages\/1113","targetHints":{"allow":["GET"]}}],"collection":[{"href":"https:\/\/monteeshistoriques.corsica\/index.php\/wp-json\/wp\/v2\/pages"}],"about":[{"href":"https:\/\/monteeshistoriques.corsica\/index.php\/wp-json\/wp\/v2\/types\/page"}],"author":[{"embeddable":true,"href":"https:\/\/monteeshistoriques.corsica\/index.php\/wp-json\/wp\/v2\/users\/1"}],"replies":[{"embeddable":true,"href":"https:\/\/monteeshistoriques.corsica\/index.php\/wp-json\/wp\/v2\/comments?post=1113"}],"version-history":[{"count":3,"href":"https:\/\/monteeshistoriques.corsica\/index.php\/wp-json\/wp\/v2\/pages\/1113\/revisions"}],"predecessor-version":[{"id":1129,"href":"https:\/\/monteeshistoriques.corsica\/index.php\/wp-json\/wp\/v2\/pages\/1113\/revisions\/1129"}],"wp:attachment":[{"href":"https:\/\/monteeshistoriques.corsica\/index.php\/wp-json\/wp\/v2\/media?parent=1113"}],"curies":[{"name":"wp","href":"https:\/\/api.w.org\/{rel}","templated":true}]}}