{"id":1133,"date":"2025-03-21T09:44:43","date_gmt":"2025-03-21T08:44:43","guid":{"rendered":"https:\/\/monteeshistoriques.corsica\/?page_id=1133"},"modified":"2025-03-25T09:23:16","modified_gmt":"2025-03-25T08:23:16","slug":"edition-2025-borgo-2025","status":"publish","type":"page","link":"https:\/\/monteeshistoriques.corsica\/index.php\/edition-2025-borgo-2025\/","title":{"rendered":"Edition 2025"},"content":{"rendered":"\n<h2 class=\"wp-block-heading has-text-align-center\"><strong>\ud83c\udfc1 Mont\u00e9e Historique de Borgo &#8211; Vignale &#8211; Lucciana : Un Hommage \u00e0 Jean-Pierre Manzagol \ud83c\udfce\ufe0f<\/strong><\/h2>\n\n\n\n<figure class=\"wp-block-image size-large\"><img loading=\"lazy\" decoding=\"async\" width=\"1024\" height=\"470\" src=\"https:\/\/monteeshistoriques.corsica\/wp-content\/uploads\/2025\/03\/Montee-Historique-Borgo-Vignale-2025-Manzagol-1024x470.jpg\" alt=\"\" class=\"wp-image-1138\" srcset=\"https:\/\/monteeshistoriques.corsica\/wp-content\/uploads\/2025\/03\/Montee-Historique-Borgo-Vignale-2025-Manzagol-1024x470.jpg 1024w, https:\/\/monteeshistoriques.corsica\/wp-content\/uploads\/2025\/03\/Montee-Historique-Borgo-Vignale-2025-Manzagol-300x138.jpg 300w, https:\/\/monteeshistoriques.corsica\/wp-content\/uploads\/2025\/03\/Montee-Historique-Borgo-Vignale-2025-Manzagol-768x352.jpg 768w, https:\/\/monteeshistoriques.corsica\/wp-content\/uploads\/2025\/03\/Montee-Historique-Borgo-Vignale-2025-Manzagol-1536x705.jpg 1536w, https:\/\/monteeshistoriques.corsica\/wp-content\/uploads\/2025\/03\/Montee-Historique-Borgo-Vignale-2025-Manzagol.jpg 1600w\" sizes=\"auto, (max-width: 1024px) 100vw, 1024px\" \/><\/figure>\n\n\n\n<p><\/p>\n\n\n\n<p>La <strong>Mont\u00e9e Historique de Borgo &#8211; Vignale &#8211; Lucciana<\/strong> est un \u00e9v\u00e9nement incontournable du sport automobile insulaire, ancr\u00e9 dans le patrimoine et la passion des amateurs de belles m\u00e9caniques.<br><br>Chaque ann\u00e9e, cette manifestation r\u00e9unit pilotes et passionn\u00e9s pour c\u00e9l\u00e9brer l\u2019histoire du rallye et mettre en valeur les routes mythiques de notre territoire.<\/p>\n\n\n\n<p><strong>\ud83c\udfc6 \u00c9dition 2025 : Un hommage \u00e0 une l\u00e9gende du sport automobile<\/strong><\/p>\n\n\n\n<p>Cette ann\u00e9e, la Mont\u00e9e Historique sera d\u00e9di\u00e9e \u00e0 <strong>Jean-Pierre Manzagol<\/strong>, figure embl\u00e9matique du rallye corse et v\u00e9ritable l\u00e9gende du sport automobile.<br>Surnomm\u00e9 <em>Le Roi du Cap<\/em>, Jean-Pierre Manzagol a marqu\u00e9 de son empreinte le monde du rallye avec une carri\u00e8re impressionnante s\u2019\u00e9talant de 1967 \u00e0 2013.<br>Il d\u00e9tient notamment le record mondial du plus grand nombre de participations \u00e0 une m\u00eame \u00e9preuve du WRC et s\u2019est illustr\u00e9 au volant de mod\u00e8les mythiques tels que l\u2019<strong>Alpine A110<\/strong>, la <strong>Renault 5 GT Turbo<\/strong> ou encore la <strong>Peugeot 306 Maxi<\/strong>.<\/p>\n\n\n\n<p>En mettant \u00e0 l\u2019honneur ce grand champion, la Mont\u00e9e Historique de Borgo &#8211; Vignale &#8211; Lucciana c\u00e9l\u00e8bre non seulement une carri\u00e8re exceptionnelle, mais aussi l\u2019h\u00e9ritage du rallye en Corse et l\u2019attachement profond de l\u2019\u00eele \u00e0 la comp\u00e9tition automobile.<\/p>\n\n\n\n<p><strong>\ud83d\udcc5 Un rendez-vous \u00e0 ne pas manquer !<\/strong><\/p>\n\n\n\n<p>Que vous soyez pilote, passionn\u00e9 d\u2019anciennes m\u00e9caniques ou simple amateur de sensations fortes, cette \u00e9dition promet un spectacle unique et un moment de partage autour d\u2019une passion commune.<\/p>\n\n\n\n<p>\ud83d\ude97 <strong>Rejoignez-nous pour honorer les exploits de Jean-Pierre Manzagol sur les routes qui ont fait sa l\u00e9gende !<\/strong><\/p>\n\n\n<div class=\"wp-block-image\">\n<figure class=\"aligncenter size-large\"><img loading=\"lazy\" decoding=\"async\" width=\"724\" height=\"1024\" src=\"https:\/\/monteeshistoriques.corsica\/wp-content\/uploads\/2025\/03\/Montee-Historique-Borgo-Vignale-Manzagol-Miko-Doria-724x1024.jpg\" alt=\"\" class=\"wp-image-1148\" srcset=\"https:\/\/monteeshistoriques.corsica\/wp-content\/uploads\/2025\/03\/Montee-Historique-Borgo-Vignale-Manzagol-Miko-Doria-724x1024.jpg 724w, https:\/\/monteeshistoriques.corsica\/wp-content\/uploads\/2025\/03\/Montee-Historique-Borgo-Vignale-Manzagol-Miko-Doria-212x300.jpg 212w, https:\/\/monteeshistoriques.corsica\/wp-content\/uploads\/2025\/03\/Montee-Historique-Borgo-Vignale-Manzagol-Miko-Doria-768x1086.jpg 768w, https:\/\/monteeshistoriques.corsica\/wp-content\/uploads\/2025\/03\/Montee-Historique-Borgo-Vignale-Manzagol-Miko-Doria-1086x1536.jpg 1086w, https:\/\/monteeshistoriques.corsica\/wp-content\/uploads\/2025\/03\/Montee-Historique-Borgo-Vignale-Manzagol-Miko-Doria.jpg 1131w\" sizes=\"auto, (max-width: 724px) 100vw, 724px\" \/><\/figure>\n<\/div>","protected":false},"excerpt":{"rendered":"<p>\ud83c\udfc1 Mont\u00e9e Historique de Borgo &#8211; Vignale &#8211; Lucciana : Un Hommage \u00e0 Jean-Pierre Manzagol \ud83c\udfce\ufe0f La Mont\u00e9e Historique de&hellip;<\/p>\n","protected":false},"author":1,"featured_media":0,"parent":0,"menu_order":0,"comment_status":"closed","ping_status":"closed","template":"","meta":{"footnotes":""},"class_list":["post-1133","page","type-page","status-publish","hentry"],"_links":{"self":[{"href":"https:\/\/monteeshistoriques.corsica\/index.php\/wp-json\/wp\/v2\/pages\/1133","targetHints":{"allow":["GET"]}}],"collection":[{"href":"https:\/\/monteeshistoriques.corsica\/index.php\/wp-json\/wp\/v2\/pages"}],"about":[{"href":"https:\/\/monteeshistoriques.corsica\/index.php\/wp-json\/wp\/v2\/types\/page"}],"author":[{"embeddable":true,"href":"https:\/\/monteeshistoriques.corsica\/index.php\/wp-json\/wp\/v2\/users\/1"}],"replies":[{"embeddable":true,"href":"https:\/\/monteeshistoriques.corsica\/index.php\/wp-json\/wp\/v2\/comments?post=1133"}],"version-history":[{"count":5,"href":"https:\/\/monteeshistoriques.corsica\/index.php\/wp-json\/wp\/v2\/pages\/1133\/revisions"}],"predecessor-version":[{"id":1150,"href":"https:\/\/monteeshistoriques.corsica\/index.php\/wp-json\/wp\/v2\/pages\/1133\/revisions\/1150"}],"wp:attachment":[{"href":"https:\/\/monteeshistoriques.corsica\/index.php\/wp-json\/wp\/v2\/media?parent=1133"}],"curies":[{"name":"wp","href":"https:\/\/api.w.org\/{rel}","templated":true}]}}