{"id":1159,"date":"2025-05-30T13:06:30","date_gmt":"2025-05-30T11:06:30","guid":{"rendered":"https:\/\/monteeshistoriques.corsica\/?page_id=1159"},"modified":"2025-05-30T14:36:48","modified_gmt":"2025-05-30T12:36:48","slug":"campile-edition-2025","status":"publish","type":"page","link":"https:\/\/monteeshistoriques.corsica\/index.php\/campile-edition-2025\/","title":{"rendered":"Edition 2025"},"content":{"rendered":"\n<h2 class=\"wp-block-heading\"><strong>Mont\u00e9e Historique de Campile \u2013 Penta Acquatella : l\u2019\u00e9l\u00e9gance des m\u00e9caniques d\u2019\u00e9poque au c\u0153ur de nos villages<\/strong><\/h2>\n\n\n\n<hr class=\"wp-block-separator has-alpha-channel-opacity\"\/>\n\n\n\n<p>\u00c9v\u00e9nement attendu par tous les passionn\u00e9s de sport automobile et de v\u00e9hicules historiques, la Mont\u00e9e Historique de Campile \u2013 Penta Acquatella revient les <strong>21 et 22 juin 2025<\/strong> pour une nouvelle \u00e9dition plac\u00e9e sous le signe de la passion, du patrimoine et de l\u2019\u00e9motion.<\/p>\n\n\n\n<p>Ce rendez-vous incontournable rassemble chaque ann\u00e9e pilotes, collectionneurs, et curieux sur les routes sinueuses entre Barchetta, Campile, et Penta Acquatella, offrant un cadre authentique et charg\u00e9 d\u2019histoire pour revivre l\u2019\u00e2ge d\u2019or du rallye en Corse.<\/p>\n\n\n\n<div style=\"height:75px\" aria-hidden=\"true\" class=\"wp-block-spacer\"><\/div>\n\n\n\n<p>\ud83c\udfc6 <strong>\u00c9dition 2025 : Hommage \u00e0 Jos\u00e9 Micheli, un enfant du Cap et une figure du rallye corse<\/strong><\/p>\n\n\n\n<p>Pour cette \u00e9dition, les organisateurs ont choisi de rendre un hommage appuy\u00e9 \u00e0 <strong>Jos\u00e9 Micheli<\/strong>, originaire du Cap Corse, dont le parcours a marqu\u00e9 toute une g\u00e9n\u00e9ration de passionn\u00e9s. Pilote respect\u00e9, fid\u00e8le aux valeurs humaines et sportives du rallye, Jos\u00e9 Micheli s\u2019est illustr\u00e9 sur les routes corses avec humilit\u00e9, audace et \u00e9l\u00e9gance.<\/p>\n\n\n\n<p>Plus qu\u2019un simple hommage, cette d\u00e9dicace t\u00e9moigne de la reconnaissance d\u2019une communaut\u00e9 envers l\u2019un de ses plus dignes repr\u00e9sentants.<\/p>\n\n\n\n<p>En mettant \u00e0 l\u2019honneur Jos\u00e9 Micheli, la Mont\u00e9e Historique de Campile \u2013 Penta Acquatella c\u00e9l\u00e8bre une m\u00e9moire vivante et transmet \u00e0 la jeunesse l\u2019esprit de camaraderie et de d\u00e9termination qui caract\u00e9rise l\u2019histoire du rallye insulaire.<\/p>\n\n\n\n<div style=\"height:100px\" aria-hidden=\"true\" class=\"wp-block-spacer\"><\/div>\n\n\n\n<h2 class=\"wp-block-heading\">\ud83d\udcc5 21 &amp; 22 juin 2025 : un moment \u00e0 vivre ensemble<\/h2>\n\n\n\n<p>Que vous soyez pilote, passionn\u00e9 de belles m\u00e9caniques, amateur d\u2019histoire automobile ou simple spectateur curieux, cette manifestation vous promet un week-end d\u2019exception, empreint de convivialit\u00e9 et d\u2019admiration pour ceux qui ont fait vibrer nos routes.<\/p>\n\n\n\n<div style=\"height:78px\" aria-hidden=\"true\" class=\"wp-block-spacer\"><\/div>\n\n\n\n<p>\ud83d\ude97 <strong>Venez nombreux rendre hommage \u00e0 Jos\u00e9 Micheli et faire r\u00e9sonner \u00e0 nouveau les moteurs sur les hauteurs de Campile et de Penta Acquatella !<\/strong><\/p>\n\n\n<div class=\"wp-block-image\">\n<figure class=\"aligncenter size-large\"><img loading=\"lazy\" decoding=\"async\" width=\"724\" height=\"1024\" src=\"https:\/\/monteeshistoriques.corsica\/wp-content\/uploads\/2025\/05\/IMG-20250530-WA0015-724x1024.jpg\" alt=\"\" class=\"wp-image-1183\" srcset=\"https:\/\/monteeshistoriques.corsica\/wp-content\/uploads\/2025\/05\/IMG-20250530-WA0015-724x1024.jpg 724w, https:\/\/monteeshistoriques.corsica\/wp-content\/uploads\/2025\/05\/IMG-20250530-WA0015-212x300.jpg 212w, https:\/\/monteeshistoriques.corsica\/wp-content\/uploads\/2025\/05\/IMG-20250530-WA0015-768x1086.jpg 768w, https:\/\/monteeshistoriques.corsica\/wp-content\/uploads\/2025\/05\/IMG-20250530-WA0015-1086x1536.jpg 1086w, https:\/\/monteeshistoriques.corsica\/wp-content\/uploads\/2025\/05\/IMG-20250530-WA0015.jpg 1131w\" sizes=\"auto, (max-width: 724px) 100vw, 724px\" \/><\/figure>\n<\/div>","protected":false},"excerpt":{"rendered":"<p>Mont\u00e9e Historique de Campile \u2013 Penta Acquatella : l\u2019\u00e9l\u00e9gance des m\u00e9caniques d\u2019\u00e9poque au c\u0153ur de nos villages \u00c9v\u00e9nement attendu par&hellip;<\/p>\n","protected":false},"author":1,"featured_media":0,"parent":0,"menu_order":0,"comment_status":"closed","ping_status":"closed","template":"","meta":{"footnotes":""},"class_list":["post-1159","page","type-page","status-publish","hentry"],"_links":{"self":[{"href":"https:\/\/monteeshistoriques.corsica\/index.php\/wp-json\/wp\/v2\/pages\/1159","targetHints":{"allow":["GET"]}}],"collection":[{"href":"https:\/\/monteeshistoriques.corsica\/index.php\/wp-json\/wp\/v2\/pages"}],"about":[{"href":"https:\/\/monteeshistoriques.corsica\/index.php\/wp-json\/wp\/v2\/types\/page"}],"author":[{"embeddable":true,"href":"https:\/\/monteeshistoriques.corsica\/index.php\/wp-json\/wp\/v2\/users\/1"}],"replies":[{"embeddable":true,"href":"https:\/\/monteeshistoriques.corsica\/index.php\/wp-json\/wp\/v2\/comments?post=1159"}],"version-history":[{"count":8,"href":"https:\/\/monteeshistoriques.corsica\/index.php\/wp-json\/wp\/v2\/pages\/1159\/revisions"}],"predecessor-version":[{"id":1184,"href":"https:\/\/monteeshistoriques.corsica\/index.php\/wp-json\/wp\/v2\/pages\/1159\/revisions\/1184"}],"wp:attachment":[{"href":"https:\/\/monteeshistoriques.corsica\/index.php\/wp-json\/wp\/v2\/media?parent=1159"}],"curies":[{"name":"wp","href":"https:\/\/api.w.org\/{rel}","templated":true}]}}