{"id":1189,"date":"2025-06-23T17:51:52","date_gmt":"2025-06-23T15:51:52","guid":{"rendered":"https:\/\/monteeshistoriques.corsica\/?page_id=1189"},"modified":"2025-06-24T09:45:22","modified_gmt":"2025-06-24T07:45:22","slug":"castirla-2025-edition","status":"publish","type":"page","link":"https:\/\/monteeshistoriques.corsica\/index.php\/castirla-2025-edition\/","title":{"rendered":"Edition 2025"},"content":{"rendered":"\n<h2 class=\"wp-block-heading\">\ud83d\ude97 La Mont\u00e9e Historique de Castirla revient pour une 2\u1d49 \u00e9dition exceptionnelle ! \ud83d\udd25<\/h2>\n\n\n\n<p>Apr\u00e8s le succ\u00e8s de la premi\u00e8re \u00e9dition, la passion des belles m\u00e9caniques reprend la route \u00e0 Castirla \ud83c\udfc1 pour une nouvelle Mont\u00e9e Historique, plac\u00e9e sous le signe de l\u2019authenticit\u00e9, de la convivialit\u00e9 \ud83e\udd1d et du patrimoine automobile \ud83d\udee0\ufe0f.<\/p>\n\n\n\n<p>Organis\u00e9e dans un cadre naturel d\u2019exception \ud83c\udf04, entre montagne et tradition corse, cette manifestation rassemble v\u00e9hicules anciens \ud83d\ude98 et pilotes passionn\u00e9s \ud83e\uddd1\u200d\ud83d\udd27, pour une journ\u00e9e o\u00f9 le pass\u00e9 reprend vie au rythme des moteurs d\u2019\u00e9poque.<\/p>\n\n\n\n<p>Que vous soyez collectionneur, amateur de sport automobile \ud83c\udfce\ufe0f ou simple curieux \ud83d\udc40, venez admirer ces voitures de l\u00e9gende \u2728, \u00e9changer avec leurs propri\u00e9taires et vibrer au son des cylindr\u00e9es mythiques \ud83c\udfb5, dans une ambiance chaleureuse et festive \ud83c\udf89.<\/p>\n\n\n\n<p>Un \u00e9v\u00e9nement \u00e0 ne pas manquer pour c\u00e9l\u00e9brer la m\u00e9moire du sport auto sur les routes corses \ud83d\udee3\ufe0f.<\/p>\n\n\n<div class=\"wp-block-image\">\n<figure class=\"aligncenter size-large\"><img loading=\"lazy\" decoding=\"async\" width=\"724\" height=\"1024\" src=\"https:\/\/monteeshistoriques.corsica\/wp-content\/uploads\/2025\/06\/Affiche-CASTIRLA-2025_page-0001-724x1024.jpg\" alt=\"\" class=\"wp-image-1202\" srcset=\"https:\/\/monteeshistoriques.corsica\/wp-content\/uploads\/2025\/06\/Affiche-CASTIRLA-2025_page-0001-724x1024.jpg 724w, https:\/\/monteeshistoriques.corsica\/wp-content\/uploads\/2025\/06\/Affiche-CASTIRLA-2025_page-0001-212x300.jpg 212w, https:\/\/monteeshistoriques.corsica\/wp-content\/uploads\/2025\/06\/Affiche-CASTIRLA-2025_page-0001-768x1086.jpg 768w, https:\/\/monteeshistoriques.corsica\/wp-content\/uploads\/2025\/06\/Affiche-CASTIRLA-2025_page-0001-1086x1536.jpg 1086w, https:\/\/monteeshistoriques.corsica\/wp-content\/uploads\/2025\/06\/Affiche-CASTIRLA-2025_page-0001-1448x2048.jpg 1448w, https:\/\/monteeshistoriques.corsica\/wp-content\/uploads\/2025\/06\/Affiche-CASTIRLA-2025_page-0001-scaled.jpg 1810w\" sizes=\"auto, (max-width: 724px) 100vw, 724px\" \/><\/figure>\n<\/div>","protected":false},"excerpt":{"rendered":"<p>\ud83d\ude97 La Mont\u00e9e Historique de Castirla revient pour une 2\u1d49 \u00e9dition exceptionnelle ! \ud83d\udd25 Apr\u00e8s le succ\u00e8s de la premi\u00e8re&hellip;<\/p>\n","protected":false},"author":1,"featured_media":0,"parent":0,"menu_order":0,"comment_status":"closed","ping_status":"closed","template":"","meta":{"footnotes":""},"class_list":["post-1189","page","type-page","status-publish","hentry"],"_links":{"self":[{"href":"https:\/\/monteeshistoriques.corsica\/index.php\/wp-json\/wp\/v2\/pages\/1189","targetHints":{"allow":["GET"]}}],"collection":[{"href":"https:\/\/monteeshistoriques.corsica\/index.php\/wp-json\/wp\/v2\/pages"}],"about":[{"href":"https:\/\/monteeshistoriques.corsica\/index.php\/wp-json\/wp\/v2\/types\/page"}],"author":[{"embeddable":true,"href":"https:\/\/monteeshistoriques.corsica\/index.php\/wp-json\/wp\/v2\/users\/1"}],"replies":[{"embeddable":true,"href":"https:\/\/monteeshistoriques.corsica\/index.php\/wp-json\/wp\/v2\/comments?post=1189"}],"version-history":[{"count":4,"href":"https:\/\/monteeshistoriques.corsica\/index.php\/wp-json\/wp\/v2\/pages\/1189\/revisions"}],"predecessor-version":[{"id":1212,"href":"https:\/\/monteeshistoriques.corsica\/index.php\/wp-json\/wp\/v2\/pages\/1189\/revisions\/1212"}],"wp:attachment":[{"href":"https:\/\/monteeshistoriques.corsica\/index.php\/wp-json\/wp\/v2\/media?parent=1189"}],"curies":[{"name":"wp","href":"https:\/\/api.w.org\/{rel}","templated":true}]}}