{"id":1192,"date":"2025-06-23T17:52:16","date_gmt":"2025-06-23T15:52:16","guid":{"rendered":"https:\/\/monteeshistoriques.corsica\/?page_id=1192"},"modified":"2025-06-24T09:43:48","modified_gmt":"2025-06-24T07:43:48","slug":"castirla-programme-2025","status":"publish","type":"page","link":"https:\/\/monteeshistoriques.corsica\/index.php\/castirla-programme-2025\/","title":{"rendered":"Programme"},"content":{"rendered":"\n<p>L\u2019\u00e2me des sports m\u00e9caniques rena\u00eet dans le cadre majestueux du Niolu !<\/p>\n\n\n\n<p>Passionn\u00e9s de belles m\u00e9caniques, amateurs de sensations ou simples curieux, nous vous donnons rendez-vous pour la <strong>Mont\u00e9e Historique de Castirla<\/strong>, un \u00e9v\u00e9nement incontournable c\u00e9l\u00e9brant les v\u00e9hicules d&rsquo;\u00e9poque, l\u2019histoire de la course automobile en Corse et le patrimoine routier de la r\u00e9gion.<\/p>\n\n\n\n<figure class=\"wp-block-image size-large\"><img loading=\"lazy\" decoding=\"async\" width=\"768\" height=\"1024\" src=\"https:\/\/monteeshistoriques.corsica\/wp-content\/uploads\/2025\/06\/gmail_images20250604_163552-1-768x1024.jpg\" alt=\"\" class=\"wp-image-1209\" srcset=\"https:\/\/monteeshistoriques.corsica\/wp-content\/uploads\/2025\/06\/gmail_images20250604_163552-1-768x1024.jpg 768w, https:\/\/monteeshistoriques.corsica\/wp-content\/uploads\/2025\/06\/gmail_images20250604_163552-1-225x300.jpg 225w, https:\/\/monteeshistoriques.corsica\/wp-content\/uploads\/2025\/06\/gmail_images20250604_163552-1-1152x1536.jpg 1152w, https:\/\/monteeshistoriques.corsica\/wp-content\/uploads\/2025\/06\/gmail_images20250604_163552-1-1536x2048.jpg 1536w, https:\/\/monteeshistoriques.corsica\/wp-content\/uploads\/2025\/06\/gmail_images20250604_163552-1-scaled.jpg 1920w\" sizes=\"auto, (max-width: 768px) 100vw, 768px\" \/><\/figure>\n","protected":false},"excerpt":{"rendered":"<p>L\u2019\u00e2me des sports m\u00e9caniques rena\u00eet dans le cadre majestueux du Niolu ! Passionn\u00e9s de belles m\u00e9caniques, amateurs de sensations ou&hellip;<\/p>\n","protected":false},"author":1,"featured_media":0,"parent":0,"menu_order":0,"comment_status":"closed","ping_status":"closed","template":"","meta":{"footnotes":""},"class_list":["post-1192","page","type-page","status-publish","hentry"],"_links":{"self":[{"href":"https:\/\/monteeshistoriques.corsica\/index.php\/wp-json\/wp\/v2\/pages\/1192","targetHints":{"allow":["GET"]}}],"collection":[{"href":"https:\/\/monteeshistoriques.corsica\/index.php\/wp-json\/wp\/v2\/pages"}],"about":[{"href":"https:\/\/monteeshistoriques.corsica\/index.php\/wp-json\/wp\/v2\/types\/page"}],"author":[{"embeddable":true,"href":"https:\/\/monteeshistoriques.corsica\/index.php\/wp-json\/wp\/v2\/users\/1"}],"replies":[{"embeddable":true,"href":"https:\/\/monteeshistoriques.corsica\/index.php\/wp-json\/wp\/v2\/comments?post=1192"}],"version-history":[{"count":3,"href":"https:\/\/monteeshistoriques.corsica\/index.php\/wp-json\/wp\/v2\/pages\/1192\/revisions"}],"predecessor-version":[{"id":1211,"href":"https:\/\/monteeshistoriques.corsica\/index.php\/wp-json\/wp\/v2\/pages\/1192\/revisions\/1211"}],"wp:attachment":[{"href":"https:\/\/monteeshistoriques.corsica\/index.php\/wp-json\/wp\/v2\/media?parent=1192"}],"curies":[{"name":"wp","href":"https:\/\/api.w.org\/{rel}","templated":true}]}}