{"id":1194,"date":"2025-06-23T17:52:32","date_gmt":"2025-06-23T15:52:32","guid":{"rendered":"https:\/\/monteeshistoriques.corsica\/?page_id=1194"},"modified":"2025-06-23T17:57:00","modified_gmt":"2025-06-23T15:57:00","slug":"castirla-2025-engagement","status":"publish","type":"page","link":"https:\/\/monteeshistoriques.corsica\/index.php\/castirla-2025-engagement\/","title":{"rendered":"Engagement"},"content":{"rendered":"\n<p>Les engagements pour l\u2019\u00e9v\u00e9nement sont d\u00e9sormais disponibles ! \ud83d\udcc4\ud83c\udfce\ufe0f<\/p>\n\n\n\n<p>\ud83d\udcc2&nbsp;<strong>Documents t\u00e9l\u00e9chargeables en formats PDF et DOC<\/strong>&nbsp;pour faciliter votre inscription.<\/p>\n\n\n\n<p>\ud83d\udd27 N\u2019attendez plus pour finaliser votre engagement et rejoindre l\u2019aventure !<\/p>\n\n\n\n<p>\u00c0 tr\u00e8s bient\u00f4t sur les routes ! \ud83d\ude97\ud83d\udca8<\/p>\n\n\n\n<div data-wp-interactive=\"core\/file\" class=\"wp-block-file\"><object data-wp-bind--hidden=\"!state.hasPdfPreview\" hidden class=\"wp-block-file__embed\" data=\"https:\/\/monteeshistoriques.corsica\/wp-content\/uploads\/2025\/06\/Engagement-Castirla-2025.pdf\" type=\"application\/pdf\" style=\"width:100%;height:600px\" aria-label=\"Contenu embarqu\u00e9 Engagement Castirla 2025.\"><\/object><a id=\"wp-block-file--media-0ad8cdd6-84d9-43b3-a6bc-6b45660cf114\" href=\"https:\/\/monteeshistoriques.corsica\/wp-content\/uploads\/2025\/06\/Engagement-Castirla-2025.pdf\">Engagement Castirla 2025<\/a><a href=\"https:\/\/monteeshistoriques.corsica\/wp-content\/uploads\/2025\/06\/Engagement-Castirla-2025.pdf\" class=\"wp-block-file__button wp-element-button\" download aria-describedby=\"wp-block-file--media-0ad8cdd6-84d9-43b3-a6bc-6b45660cf114\">T\u00e9l\u00e9charger<\/a><\/div>\n","protected":false},"excerpt":{"rendered":"<p>Les engagements pour l\u2019\u00e9v\u00e9nement sont d\u00e9sormais disponibles ! \ud83d\udcc4\ud83c\udfce\ufe0f \ud83d\udcc2&nbsp;Documents t\u00e9l\u00e9chargeables en formats PDF et DOC&nbsp;pour faciliter votre inscription. \ud83d\udd27&hellip;<\/p>\n","protected":false},"author":1,"featured_media":0,"parent":0,"menu_order":0,"comment_status":"closed","ping_status":"closed","template":"","meta":{"footnotes":""},"class_list":["post-1194","page","type-page","status-publish","hentry"],"_links":{"self":[{"href":"https:\/\/monteeshistoriques.corsica\/index.php\/wp-json\/wp\/v2\/pages\/1194","targetHints":{"allow":["GET"]}}],"collection":[{"href":"https:\/\/monteeshistoriques.corsica\/index.php\/wp-json\/wp\/v2\/pages"}],"about":[{"href":"https:\/\/monteeshistoriques.corsica\/index.php\/wp-json\/wp\/v2\/types\/page"}],"author":[{"embeddable":true,"href":"https:\/\/monteeshistoriques.corsica\/index.php\/wp-json\/wp\/v2\/users\/1"}],"replies":[{"embeddable":true,"href":"https:\/\/monteeshistoriques.corsica\/index.php\/wp-json\/wp\/v2\/comments?post=1194"}],"version-history":[{"count":3,"href":"https:\/\/monteeshistoriques.corsica\/index.php\/wp-json\/wp\/v2\/pages\/1194\/revisions"}],"predecessor-version":[{"id":1201,"href":"https:\/\/monteeshistoriques.corsica\/index.php\/wp-json\/wp\/v2\/pages\/1194\/revisions\/1201"}],"wp:attachment":[{"href":"https:\/\/monteeshistoriques.corsica\/index.php\/wp-json\/wp\/v2\/media?parent=1194"}],"curies":[{"name":"wp","href":"https:\/\/api.w.org\/{rel}","templated":true}]}}