{"id":1215,"date":"2025-06-24T09:47:28","date_gmt":"2025-06-24T07:47:28","guid":{"rendered":"https:\/\/monteeshistoriques.corsica\/?page_id=1215"},"modified":"2025-06-24T13:44:56","modified_gmt":"2025-06-24T11:44:56","slug":"programme-2025-la-porta","status":"publish","type":"page","link":"https:\/\/monteeshistoriques.corsica\/index.php\/programme-2025-la-porta\/","title":{"rendered":"Programme"},"content":{"rendered":"\n<h3 class=\"wp-block-heading\">\ud83d\ude97 <strong>Deux jours de passion m\u00e9canique au c\u0153ur de la Castagniccia<\/strong><\/h3>\n\n\n\n<p>Pour sa <strong>9e \u00e9dition<\/strong>, la Mont\u00e9e Historique de La Porta vous propose <strong>un programme riche et vari\u00e9<\/strong>, r\u00e9parti sur deux journ\u00e9es.<br>Des <strong>d\u00e9monstrations sur routes ferm\u00e9es<\/strong>, des <strong>v\u00e9hicules de collection<\/strong>, un <strong>nouveau trac\u00e9 in\u00e9dit<\/strong>, et une ambiance toujours fid\u00e8le \u00e0 l\u2019esprit de cette manifestation : <strong>patrimoniale, conviviale et s\u00e9curis\u00e9e<\/strong>.<br><br>\ud83c\udf89 <strong>Un week-end d\u2019\u00e9motion, de patrimoine et de passion pour l\u2019automobile ancienne, dans un d\u00e9cor naturel exceptionnel.<\/strong><br><br><strong>\ud83d\udccd La Porta vous donne rendez-vous pour c\u00e9l\u00e9brer l\u2019histoire sur ses plus belles routes !<\/strong><\/p>\n\n\n\n<div data-wp-interactive=\"core\/file\" class=\"wp-block-file\"><object data-wp-bind--hidden=\"!state.hasPdfPreview\" hidden class=\"wp-block-file__embed\" data=\"https:\/\/monteeshistoriques.corsica\/wp-content\/uploads\/2025\/06\/Programme-2025-La-Porta.pdf\" type=\"application\/pdf\" style=\"width:100%;height:600px\" aria-label=\"Contenu embarqu\u00e9 Programme 2025 La Porta.\"><\/object><a id=\"wp-block-file--media-2ffd24cb-6c74-4a02-972b-68eeedf02cbb\" href=\"https:\/\/monteeshistoriques.corsica\/wp-content\/uploads\/2025\/06\/Programme-2025-La-Porta.pdf\">Programme 2025 La Porta<\/a><a href=\"https:\/\/monteeshistoriques.corsica\/wp-content\/uploads\/2025\/06\/Programme-2025-La-Porta.pdf\" class=\"wp-block-file__button wp-element-button\" download aria-describedby=\"wp-block-file--media-2ffd24cb-6c74-4a02-972b-68eeedf02cbb\">T\u00e9l\u00e9charger<\/a><\/div>\n","protected":false},"excerpt":{"rendered":"<p>\ud83d\ude97 Deux jours de passion m\u00e9canique au c\u0153ur de la Castagniccia Pour sa 9e \u00e9dition, la Mont\u00e9e Historique de La&hellip;<\/p>\n","protected":false},"author":1,"featured_media":0,"parent":0,"menu_order":0,"comment_status":"closed","ping_status":"closed","template":"","meta":{"footnotes":""},"class_list":["post-1215","page","type-page","status-publish","hentry"],"_links":{"self":[{"href":"https:\/\/monteeshistoriques.corsica\/index.php\/wp-json\/wp\/v2\/pages\/1215","targetHints":{"allow":["GET"]}}],"collection":[{"href":"https:\/\/monteeshistoriques.corsica\/index.php\/wp-json\/wp\/v2\/pages"}],"about":[{"href":"https:\/\/monteeshistoriques.corsica\/index.php\/wp-json\/wp\/v2\/types\/page"}],"author":[{"embeddable":true,"href":"https:\/\/monteeshistoriques.corsica\/index.php\/wp-json\/wp\/v2\/users\/1"}],"replies":[{"embeddable":true,"href":"https:\/\/monteeshistoriques.corsica\/index.php\/wp-json\/wp\/v2\/comments?post=1215"}],"version-history":[{"count":4,"href":"https:\/\/monteeshistoriques.corsica\/index.php\/wp-json\/wp\/v2\/pages\/1215\/revisions"}],"predecessor-version":[{"id":1235,"href":"https:\/\/monteeshistoriques.corsica\/index.php\/wp-json\/wp\/v2\/pages\/1215\/revisions\/1235"}],"wp:attachment":[{"href":"https:\/\/monteeshistoriques.corsica\/index.php\/wp-json\/wp\/v2\/media?parent=1215"}],"curies":[{"name":"wp","href":"https:\/\/api.w.org\/{rel}","templated":true}]}}