{"id":1217,"date":"2025-06-24T09:47:52","date_gmt":"2025-06-24T07:47:52","guid":{"rendered":"https:\/\/monteeshistoriques.corsica\/?page_id=1217"},"modified":"2025-08-28T08:09:07","modified_gmt":"2025-08-28T06:09:07","slug":"engagement-2025-la-porta","status":"publish","type":"page","link":"https:\/\/monteeshistoriques.corsica\/index.php\/engagement-2025-la-porta\/","title":{"rendered":"Engagement"},"content":{"rendered":"\n<h3 class=\"wp-block-heading\">\ud83d\ude97 <strong>Participez \u00e0 l\u2019\u00e9dition 2025 de la Mont\u00e9e Historique de La Porta !<\/strong><\/h3>\n\n\n\n<p>Depuis 2016, cette manifestation rassemble passionn\u00e9s, collectionneurs et amateurs de belles m\u00e9caniques autour d\u2019un rendez-vous incontournable dans le d\u00e9cor unique de la Castagniccia.<\/p>\n\n\n\n<p><br>\u26a0\ufe0f <strong>Il ne s\u2019agit pas d\u2019une comp\u00e9tition<\/strong>, mais d\u2019une d\u00e9monstration sur route ferm\u00e9e, sans chronom\u00e9trage ni classement.<\/p>\n\n\n\n<p>L\u2019objectif est simple : <strong>mettre \u00e0 l\u2019honneur le patrimoine automobile<\/strong> dans un cadre s\u00e9curis\u00e9 et convivial.<\/p>\n\n\n\n<h3 class=\"wp-block-heading\">\ud83d\udd50 <strong>Cl\u00f4ture des inscriptions :<\/strong><\/h3>\n\n\n\n<p>\ud83d\udcc5 <strong>Le 17 septembre 2025 \u00e0 minuit<\/strong><br>Aucun engagement ne sera accept\u00e9 apr\u00e8s cette date.<\/p>\n\n\n\n<hr class=\"wp-block-separator has-alpha-channel-opacity\"\/>\n\n\n\n<h3 class=\"wp-block-heading\">\ud83d\udce4 <strong>Remplissez le formulaire ci-dessous et rejoignez-nous pour un week-end de passion automobile au c\u0153ur de la Castagniccia !<\/strong><\/h3>\n\n\n\n<p>Pour toute question :<br>\ud83d\udce7 <a>mhcastagniccia@gmail.com<\/a><br>\ud83d\udcde 06 45 96 11 06<\/p>\n\n\n\n<hr class=\"wp-block-separator has-alpha-channel-opacity\"\/>\n\n\n\n<p>\ud83c\udf89 <strong>Nous avons h\u00e2te de vous accueillir sur la ligne de d\u00e9part !<\/strong><br><br><strong>\ud83d\udea6 En voiture\u2026 et toujours dans le respect des traditions.<\/strong><\/p>\n\n\n\n<div data-wp-interactive=\"core\/file\" class=\"wp-block-file\"><object data-wp-bind--hidden=\"!state.hasPdfPreview\" hidden class=\"wp-block-file__embed\" data=\"https:\/\/monteeshistoriques.corsica\/wp-content\/uploads\/2025\/08\/Dossier-engagement-La-Porta-2025-DOC.pdf\" type=\"application\/pdf\" style=\"width:100%;height:600px\" aria-label=\"Contenu embarqu\u00e9 &lt;strong&gt;Dossier engagement La Porta 2025 PDF&lt;\/strong&gt;.\"><\/object><a id=\"wp-block-file--media-26091f97-9cf0-4a94-a6fc-775ccfcfd219\" href=\"https:\/\/monteeshistoriques.corsica\/wp-content\/uploads\/2025\/08\/Dossier-engagement-La-Porta-2025-DOC.pdf\"><strong>Dossier engagement La Porta 2025 PDF<\/strong><\/a><a href=\"https:\/\/monteeshistoriques.corsica\/wp-content\/uploads\/2025\/08\/Dossier-engagement-La-Porta-2025-DOC.pdf\" class=\"wp-block-file__button wp-element-button\" download aria-describedby=\"wp-block-file--media-26091f97-9cf0-4a94-a6fc-775ccfcfd219\">T\u00e9l\u00e9charger<\/a><\/div>\n\n\n\n<div class=\"wp-block-file\"><a id=\"wp-block-file--media-c0f1a5eb-8621-49a5-8942-f384db2d0e02\" href=\"https:\/\/monteeshistoriques.corsica\/wp-content\/uploads\/2025\/08\/Dossier-engagement-La-Porta-2025-DOC.doc\"><strong>Dossier engagement La Porta 2025 DOC<\/strong><\/a><a href=\"https:\/\/monteeshistoriques.corsica\/wp-content\/uploads\/2025\/08\/Dossier-engagement-La-Porta-2025-DOC.doc\" class=\"wp-block-file__button wp-element-button\" download aria-describedby=\"wp-block-file--media-c0f1a5eb-8621-49a5-8942-f384db2d0e02\">T\u00e9l\u00e9charger<\/a><\/div>\n\n\n\n<p><\/p>\n","protected":false},"excerpt":{"rendered":"<p>\ud83d\ude97 Participez \u00e0 l\u2019\u00e9dition 2025 de la Mont\u00e9e Historique de La Porta ! Depuis 2016, cette manifestation rassemble passionn\u00e9s, collectionneurs&hellip;<\/p>\n","protected":false},"author":1,"featured_media":0,"parent":0,"menu_order":0,"comment_status":"closed","ping_status":"closed","template":"","meta":{"footnotes":""},"class_list":["post-1217","page","type-page","status-publish","hentry"],"_links":{"self":[{"href":"https:\/\/monteeshistoriques.corsica\/index.php\/wp-json\/wp\/v2\/pages\/1217","targetHints":{"allow":["GET"]}}],"collection":[{"href":"https:\/\/monteeshistoriques.corsica\/index.php\/wp-json\/wp\/v2\/pages"}],"about":[{"href":"https:\/\/monteeshistoriques.corsica\/index.php\/wp-json\/wp\/v2\/types\/page"}],"author":[{"embeddable":true,"href":"https:\/\/monteeshistoriques.corsica\/index.php\/wp-json\/wp\/v2\/users\/1"}],"replies":[{"embeddable":true,"href":"https:\/\/monteeshistoriques.corsica\/index.php\/wp-json\/wp\/v2\/comments?post=1217"}],"version-history":[{"count":7,"href":"https:\/\/monteeshistoriques.corsica\/index.php\/wp-json\/wp\/v2\/pages\/1217\/revisions"}],"predecessor-version":[{"id":1244,"href":"https:\/\/monteeshistoriques.corsica\/index.php\/wp-json\/wp\/v2\/pages\/1217\/revisions\/1244"}],"wp:attachment":[{"href":"https:\/\/monteeshistoriques.corsica\/index.php\/wp-json\/wp\/v2\/media?parent=1217"}],"curies":[{"name":"wp","href":"https:\/\/api.w.org\/{rel}","templated":true}]}}