{"id":1251,"date":"2026-01-27T09:11:04","date_gmt":"2026-01-27T08:11:04","guid":{"rendered":"https:\/\/monteeshistoriques.corsica\/?page_id=1251"},"modified":"2026-01-27T09:11:04","modified_gmt":"2026-01-27T08:11:04","slug":"edition-2026","status":"publish","type":"page","link":"https:\/\/monteeshistoriques.corsica\/index.php\/edition-2026\/","title":{"rendered":"Edition 2026"},"content":{"rendered":"\n<p>\ud83c\udfc1 <strong>Mont\u00e9e Historique de Borgo \u2013 Lucciana \u2013 Scolca \u2013 Vignale \u2013 \u00c9dition 2026<\/strong> \ud83c\udfc1<\/p>\n\n\n\n<p>Les passionn\u00e9s de v\u00e9hicules anciens et de sport automobile ont rendez-vous les <strong>30 et 31 mai 2026<\/strong> pour une nouvelle \u00e9dition de la <strong>Mont\u00e9e Historique de Borgo \u2013 Lucciana \u2013 Scolca \u2013 Vignale<\/strong>.<\/p>\n\n\n\n<p>\ud83d\udd04 <strong>Un parcours renouvel\u00e9<\/strong> viendra enrichir cette \u00e9dition 2026, avec toujours le m\u00eame esprit :<br>\u27a1\ufe0f valoriser le patrimoine automobile,<br>\u27a1\ufe0f faire revivre des machines d\u2019exception,<br>\u27a1\ufe0f et partager un moment convivial entre passionn\u00e9s.<\/p>\n\n\n\n<p>\ud83d\udccc <strong>Toutes les informations pratiques<\/strong> (programme, parcours, engagements, acc\u00e8s public) seront prochainement disponibles.<\/p>\n\n\n\n<p>\ud83d\udcde Pour toute information compl\u00e9mentaire, <strong>Jean Pierre Taddei<\/strong> reste joignable.<\/p>\n\n\n\n<p>\u27a1\ufe0f Notez la date, pr\u00e9parez vos agendas\u2026<br>La Mont\u00e9e Historique 2026 se pr\u00e9pare d\u00e8s maintenant \ud83d\ude97\ud83d\udca8<\/p>\n\n\n<div class=\"wp-block-image\">\n<figure class=\"aligncenter size-large\"><img loading=\"lazy\" decoding=\"async\" width=\"682\" height=\"1024\" src=\"https:\/\/monteeshistoriques.corsica\/wp-content\/uploads\/2026\/01\/IMG-20260120-WA0000-2-682x1024.jpg\" alt=\"\" class=\"wp-image-1252\" srcset=\"https:\/\/monteeshistoriques.corsica\/wp-content\/uploads\/2026\/01\/IMG-20260120-WA0000-2-682x1024.jpg 682w, https:\/\/monteeshistoriques.corsica\/wp-content\/uploads\/2026\/01\/IMG-20260120-WA0000-2-200x300.jpg 200w, https:\/\/monteeshistoriques.corsica\/wp-content\/uploads\/2026\/01\/IMG-20260120-WA0000-2-768x1153.jpg 768w, https:\/\/monteeshistoriques.corsica\/wp-content\/uploads\/2026\/01\/IMG-20260120-WA0000-2-1023x1536.jpg 1023w, https:\/\/monteeshistoriques.corsica\/wp-content\/uploads\/2026\/01\/IMG-20260120-WA0000-2.jpg 1066w\" sizes=\"auto, (max-width: 682px) 100vw, 682px\" \/><\/figure>\n<\/div>","protected":false},"excerpt":{"rendered":"<p>\ud83c\udfc1 Mont\u00e9e Historique de Borgo \u2013 Lucciana \u2013 Scolca \u2013 Vignale \u2013 \u00c9dition 2026 \ud83c\udfc1 Les passionn\u00e9s de v\u00e9hicules anciens&hellip;<\/p>\n","protected":false},"author":1,"featured_media":0,"parent":0,"menu_order":0,"comment_status":"closed","ping_status":"closed","template":"","meta":{"footnotes":""},"class_list":["post-1251","page","type-page","status-publish","hentry"],"_links":{"self":[{"href":"https:\/\/monteeshistoriques.corsica\/index.php\/wp-json\/wp\/v2\/pages\/1251","targetHints":{"allow":["GET"]}}],"collection":[{"href":"https:\/\/monteeshistoriques.corsica\/index.php\/wp-json\/wp\/v2\/pages"}],"about":[{"href":"https:\/\/monteeshistoriques.corsica\/index.php\/wp-json\/wp\/v2\/types\/page"}],"author":[{"embeddable":true,"href":"https:\/\/monteeshistoriques.corsica\/index.php\/wp-json\/wp\/v2\/users\/1"}],"replies":[{"embeddable":true,"href":"https:\/\/monteeshistoriques.corsica\/index.php\/wp-json\/wp\/v2\/comments?post=1251"}],"version-history":[{"count":1,"href":"https:\/\/monteeshistoriques.corsica\/index.php\/wp-json\/wp\/v2\/pages\/1251\/revisions"}],"predecessor-version":[{"id":1253,"href":"https:\/\/monteeshistoriques.corsica\/index.php\/wp-json\/wp\/v2\/pages\/1251\/revisions\/1253"}],"wp:attachment":[{"href":"https:\/\/monteeshistoriques.corsica\/index.php\/wp-json\/wp\/v2\/media?parent=1251"}],"curies":[{"name":"wp","href":"https:\/\/api.w.org\/{rel}","templated":true}]}}