{"id":1260,"date":"2026-02-05T08:15:19","date_gmt":"2026-02-05T07:15:19","guid":{"rendered":"https:\/\/monteeshistoriques.corsica\/?page_id=1260"},"modified":"2026-02-05T08:17:43","modified_gmt":"2026-02-05T07:17:43","slug":"speloncato-edition-2026","status":"publish","type":"page","link":"https:\/\/monteeshistoriques.corsica\/index.php\/speloncato-edition-2026\/","title":{"rendered":"Edition 2026"},"content":{"rendered":"\n<p><strong>Mont\u00e9e Historique de Speloncato 2026 \u2013 Informations utiles<\/strong><\/p>\n\n\n\n<p>Les informations pratiques relatives \u00e0 la <strong>Mont\u00e9e Historique de Speloncato 2026<\/strong> (r\u00e8glement, inscriptions, acc\u00e8s, organisation, recommandations aux participants et au public) sont regroup\u00e9es sur le site d\u00e9di\u00e9.<\/p>\n\n\n\n<p>\ud83d\udc49 Merci de consulter le lien suivant pour disposer des informations \u00e0 jour :<br><br>\ud83d\udd17 <a href=\"https:\/\/www.strademutoribalanini.corsica\/\">https:\/\/www.strademutoribalanini.corsica\/<\/a><\/p>\n\n\n\n<p>Ce site sera r\u00e9guli\u00e8rement actualis\u00e9 \u00e0 l\u2019approche de l\u2019\u00e9v\u00e9nement.<br>Nous vous invitons \u00e0 le consulter avant toute d\u00e9marche ou d\u00e9placement.<\/p>\n","protected":false},"excerpt":{"rendered":"<p>Mont\u00e9e Historique de Speloncato 2026 \u2013 Informations utiles Les informations pratiques relatives \u00e0 la Mont\u00e9e Historique de Speloncato 2026 (r\u00e8glement,&hellip;<\/p>\n","protected":false},"author":1,"featured_media":0,"parent":0,"menu_order":0,"comment_status":"closed","ping_status":"closed","template":"","meta":{"footnotes":""},"class_list":["post-1260","page","type-page","status-publish","hentry"],"_links":{"self":[{"href":"https:\/\/monteeshistoriques.corsica\/index.php\/wp-json\/wp\/v2\/pages\/1260","targetHints":{"allow":["GET"]}}],"collection":[{"href":"https:\/\/monteeshistoriques.corsica\/index.php\/wp-json\/wp\/v2\/pages"}],"about":[{"href":"https:\/\/monteeshistoriques.corsica\/index.php\/wp-json\/wp\/v2\/types\/page"}],"author":[{"embeddable":true,"href":"https:\/\/monteeshistoriques.corsica\/index.php\/wp-json\/wp\/v2\/users\/1"}],"replies":[{"embeddable":true,"href":"https:\/\/monteeshistoriques.corsica\/index.php\/wp-json\/wp\/v2\/comments?post=1260"}],"version-history":[{"count":4,"href":"https:\/\/monteeshistoriques.corsica\/index.php\/wp-json\/wp\/v2\/pages\/1260\/revisions"}],"predecessor-version":[{"id":1265,"href":"https:\/\/monteeshistoriques.corsica\/index.php\/wp-json\/wp\/v2\/pages\/1260\/revisions\/1265"}],"wp:attachment":[{"href":"https:\/\/monteeshistoriques.corsica\/index.php\/wp-json\/wp\/v2\/media?parent=1260"}],"curies":[{"name":"wp","href":"https:\/\/api.w.org\/{rel}","templated":true}]}}