{"id":1266,"date":"2026-02-05T08:20:35","date_gmt":"2026-02-05T07:20:35","guid":{"rendered":"https:\/\/monteeshistoriques.corsica\/?page_id=1266"},"modified":"2026-02-05T08:23:33","modified_gmt":"2026-02-05T07:23:33","slug":"edition-2026-paolina-historic","status":"publish","type":"page","link":"https:\/\/monteeshistoriques.corsica\/index.php\/edition-2026-paolina-historic\/","title":{"rendered":"Edition 2026"},"content":{"rendered":"\n<p><strong>Paolina Historic Mutori \u2013 Informations utiles<\/strong><\/p>\n\n\n\n<p>Pour toutes les informations pratiques concernant la <strong>Paolina Historic Mutori<\/strong> (programme, r\u00e8glement, modalit\u00e9s d\u2019inscription, acc\u00e8s, consignes aux participants et au public), merci de consulter le site de l\u2019<strong>Associu Pont\u2019in Core<\/strong>.<\/p>\n\n\n\n<p>\ud83d\udc49 Retrouvez toutes les informations n\u00e9cessaires via le lien ci-dessous :<br>\ud83d\udd17 <a href=\"https:\/\/www.associu-pontincore.com\/copie-de-contact-1\">https:\/\/www.associu-pontincore.com\/copie-de-contact-1<\/a><\/p>\n\n\n\n<p>Ce site est la source officielle et sera mis \u00e0 jour r\u00e9guli\u00e8rement \u00e0 l\u2019approche de l\u2019\u00e9v\u00e9nement.<br>Nous vous recommandons de le consulter pour pr\u00e9parer au mieux votre participation ou votre venue.<\/p>\n","protected":false},"excerpt":{"rendered":"<p>Paolina Historic Mutori \u2013 Informations utiles Pour toutes les informations pratiques concernant la Paolina Historic Mutori (programme, r\u00e8glement, modalit\u00e9s d\u2019inscription,&hellip;<\/p>\n","protected":false},"author":1,"featured_media":0,"parent":0,"menu_order":0,"comment_status":"closed","ping_status":"closed","template":"","meta":{"footnotes":""},"class_list":["post-1266","page","type-page","status-publish","hentry"],"_links":{"self":[{"href":"https:\/\/monteeshistoriques.corsica\/index.php\/wp-json\/wp\/v2\/pages\/1266","targetHints":{"allow":["GET"]}}],"collection":[{"href":"https:\/\/monteeshistoriques.corsica\/index.php\/wp-json\/wp\/v2\/pages"}],"about":[{"href":"https:\/\/monteeshistoriques.corsica\/index.php\/wp-json\/wp\/v2\/types\/page"}],"author":[{"embeddable":true,"href":"https:\/\/monteeshistoriques.corsica\/index.php\/wp-json\/wp\/v2\/users\/1"}],"replies":[{"embeddable":true,"href":"https:\/\/monteeshistoriques.corsica\/index.php\/wp-json\/wp\/v2\/comments?post=1266"}],"version-history":[{"count":2,"href":"https:\/\/monteeshistoriques.corsica\/index.php\/wp-json\/wp\/v2\/pages\/1266\/revisions"}],"predecessor-version":[{"id":1272,"href":"https:\/\/monteeshistoriques.corsica\/index.php\/wp-json\/wp\/v2\/pages\/1266\/revisions\/1272"}],"wp:attachment":[{"href":"https:\/\/monteeshistoriques.corsica\/index.php\/wp-json\/wp\/v2\/media?parent=1266"}],"curies":[{"name":"wp","href":"https:\/\/api.w.org\/{rel}","templated":true}]}}