{"id":1273,"date":"2026-02-05T08:28:04","date_gmt":"2026-02-05T07:28:04","guid":{"rendered":"https:\/\/monteeshistoriques.corsica\/?page_id=1273"},"modified":"2026-02-05T08:36:35","modified_gmt":"2026-02-05T07:36:35","slug":"edition-2026-la-porta","status":"publish","type":"page","link":"https:\/\/monteeshistoriques.corsica\/index.php\/edition-2026-la-porta\/","title":{"rendered":"Edition 2026"},"content":{"rendered":"\n<h3 class=\"wp-block-heading\">\ud83d\ude97\ud83c\udfc1 La Mont\u00e9e Historique de la Porta c\u00e9l\u00e8bre ses 10 ans \ud83c\udf89<\/h3>\n\n\n\n<p>La <strong>Mont\u00e9e Historique de la Porta<\/strong> franchit cette ann\u00e9e un cap symbolique : <strong>dix ann\u00e9es de passion automobile<\/strong>, de transmission et de respect du patrimoine m\u00e9canique \ud83c\udfc6.<br><br>Un anniversaire marquant qui r\u00e9unira, une nouvelle fois, passionn\u00e9s, participants et public autour d\u2019un \u00e9v\u00e9nement devenu incontournable.<\/p>\n\n\n\n<p>Cet \u00e9v\u00e9nement est <strong>n\u00e9 de la rencontre de passionn\u00e9s<\/strong>, un jour de l\u2019<strong>\u00e9t\u00e9 2016<\/strong> \u2600\ufe0f\ud83e\udd1d.<br><br>De cette passion commune est n\u00e9e une aventure humaine et m\u00e9canique, avec une ambition claire : <strong>faire vivre, au c\u0153ur de notre r\u00e9gion, l\u2019histoire pass\u00e9e de l\u2019automobile<\/strong> \ud83d\ude98\ud83d\udcd6!<br><br>Depuis cette premi\u00e8re impulsion, l\u2019esprit d\u2019origine anime chaque \u00e9dition, dans un profond respect des v\u00e9hicules, des lieux et des hommes qui ont marqu\u00e9 cette histoire.<\/p>\n\n\n\n<p>Organis\u00e9e dans le plus pur esprit des mont\u00e9es historiques, la manifestation met \u00e0 l\u2019honneur des <strong>v\u00e9hicules anciens et d\u2019exception<\/strong> \u2728\ud83d\ude97, dans une atmosph\u00e8re conviviale et authentique, au c\u0153ur d\u2019un cadre embl\u00e9matique de la Corse \u26f0\ufe0f.<br><br>Au fil des \u00e9ditions, la Mont\u00e9e Historique de la Porta s\u2019est impos\u00e9e comme un rendez-vous de r\u00e9f\u00e9rence, appr\u00e9ci\u00e9 tant pour sa rigueur que pour son esprit de partage \ud83e\udd1d.<\/p>\n\n\n\n<p>Pour cette <strong>\u00e9dition anniversaire<\/strong>, la mont\u00e9e se d\u00e9roulera sur <strong>deux journ\u00e9es<\/strong>, le <strong>samedi 26 et le dimanche 27 septembre 2025<\/strong> \ud83d\udcc5, offrant un week-end complet d\u00e9di\u00e9 \u00e0 l\u2019histoire de l\u2019automobile et au plaisir de la transmission \ud83c\udfc1\u2764\ufe0f.<\/p>\n\n\n\n<p>\u00c0 l\u2019occasion de ses <strong>10 ans<\/strong> \ud83c\udf82, la Mont\u00e9e Historique de la Porta promet une \u00e9dition plac\u00e9e sous le signe de la <strong>m\u00e9moire<\/strong>, de la <strong>passion<\/strong> et de la <strong>convivialit\u00e9<\/strong>, fid\u00e8le aux valeurs qui l\u2019animent depuis sa cr\u00e9ation.<br><br>Un rendez-vous \u00e0 ne pas manquer pour tous les amateurs de mont\u00e9es historiques en Corse \u26a0\ufe0f\ud83c\udfc1.<\/p>\n","protected":false},"excerpt":{"rendered":"<p>\ud83d\ude97\ud83c\udfc1 La Mont\u00e9e Historique de la Porta c\u00e9l\u00e8bre ses 10 ans \ud83c\udf89 La Mont\u00e9e Historique de la Porta franchit cette&hellip;<\/p>\n","protected":false},"author":1,"featured_media":0,"parent":0,"menu_order":0,"comment_status":"closed","ping_status":"closed","template":"","meta":{"footnotes":""},"class_list":["post-1273","page","type-page","status-publish","hentry"],"_links":{"self":[{"href":"https:\/\/monteeshistoriques.corsica\/index.php\/wp-json\/wp\/v2\/pages\/1273","targetHints":{"allow":["GET"]}}],"collection":[{"href":"https:\/\/monteeshistoriques.corsica\/index.php\/wp-json\/wp\/v2\/pages"}],"about":[{"href":"https:\/\/monteeshistoriques.corsica\/index.php\/wp-json\/wp\/v2\/types\/page"}],"author":[{"embeddable":true,"href":"https:\/\/monteeshistoriques.corsica\/index.php\/wp-json\/wp\/v2\/users\/1"}],"replies":[{"embeddable":true,"href":"https:\/\/monteeshistoriques.corsica\/index.php\/wp-json\/wp\/v2\/comments?post=1273"}],"version-history":[{"count":3,"href":"https:\/\/monteeshistoriques.corsica\/index.php\/wp-json\/wp\/v2\/pages\/1273\/revisions"}],"predecessor-version":[{"id":1277,"href":"https:\/\/monteeshistoriques.corsica\/index.php\/wp-json\/wp\/v2\/pages\/1273\/revisions\/1277"}],"wp:attachment":[{"href":"https:\/\/monteeshistoriques.corsica\/index.php\/wp-json\/wp\/v2\/media?parent=1273"}],"curies":[{"name":"wp","href":"https:\/\/api.w.org\/{rel}","templated":true}]}}