{"id":1278,"date":"2026-02-07T09:55:06","date_gmt":"2026-02-07T08:55:06","guid":{"rendered":"https:\/\/monteeshistoriques.corsica\/?page_id=1278"},"modified":"2026-04-01T08:54:06","modified_gmt":"2026-04-01T06:54:06","slug":"engagement-2026-borgo","status":"publish","type":"page","link":"https:\/\/monteeshistoriques.corsica\/index.php\/engagement-2026-borgo\/","title":{"rendered":"Engagement"},"content":{"rendered":"\n<p>La <strong>Mont\u00e9e Historique de Borgo<\/strong> est une manifestation automobile de d\u00e9monstration d\u00e9di\u00e9e aux v\u00e9hicules anciens et de collection, organis\u00e9e dans un esprit de <strong>m\u00e9moire sportive<\/strong>, de <strong>convivialit\u00e9<\/strong> et de <strong>respect du patrimoine automobile<\/strong>.<\/p>\n\n\n\n<p>Afin de simplifier les d\u00e9marches administratives et d\u2019assurer une gestion s\u00e9curis\u00e9e des inscriptions, <strong>l\u2019ensemble des engagements s\u2019effectue exclusivement en ligne<\/strong>.<\/p>\n\n\n\n<hr class=\"wp-block-separator has-alpha-channel-opacity\"\/>\n\n\n\n<h2 class=\"wp-block-heading\">Modalit\u00e9s d\u2019engagement<\/h2>\n\n\n\n<p>Les inscriptions \u00e0 la Mont\u00e9e Historique de Borgo se r\u00e9alisent par courrier.<\/p>\n\n\n\n<div data-wp-interactive=\"core\/file\" class=\"wp-block-file\"><object data-wp-bind--hidden=\"!state.hasPdfPreview\" hidden class=\"wp-block-file__embed\" data=\"https:\/\/monteeshistoriques.corsica\/wp-content\/uploads\/2026\/04\/Dossier-engagement-PDF-2026.pdf\" type=\"application\/pdf\" style=\"width:100%;height:600px\" aria-label=\"Contenu embarqu\u00e9 Dossier engagement PDF 2026.\"><\/object><a id=\"wp-block-file--media-5622c0db-61df-4c5a-b66f-10c0709f3d76\" href=\"https:\/\/monteeshistoriques.corsica\/wp-content\/uploads\/2026\/04\/Dossier-engagement-PDF-2026.pdf\">Dossier engagement PDF 2026<\/a><a href=\"https:\/\/monteeshistoriques.corsica\/wp-content\/uploads\/2026\/04\/Dossier-engagement-PDF-2026.pdf\" class=\"wp-block-file__button wp-element-button\" download aria-describedby=\"wp-block-file--media-5622c0db-61df-4c5a-b66f-10c0709f3d76\">T\u00e9l\u00e9charger<\/a><\/div>\n\n\n\n<hr class=\"wp-block-separator has-alpha-channel-opacity\"\/>\n\n\n\n<h2 class=\"wp-block-heading\">Informations importantes<\/h2>\n\n\n\n<ul class=\"wp-block-list\">\n<li>La Mont\u00e9e Historique de Borgo n\u2019est <strong>ni une course, ni une \u00e9preuve chronom\u00e9tr\u00e9e<\/strong><\/li>\n\n\n\n<li>Le respect du r\u00e8glement particulier, des consignes de s\u00e9curit\u00e9 et des d\u00e9cisions de l\u2019organisateur est obligatoire<\/li>\n\n\n\n<li>Le nombre de participants peut \u00eatre limit\u00e9 pour des raisons de s\u00e9curit\u00e9 et d\u2019organisation<\/li>\n<\/ul>\n\n\n\n<p>L\u2019organisateur se r\u00e9serve le droit de refuser tout engagement ne correspondant pas \u00e0 l\u2019esprit ou aux exigences de la manifestation.<\/p>\n\n\n\n<hr class=\"wp-block-separator has-alpha-channel-opacity\"\/>\n\n\n\n<h2 class=\"wp-block-heading\">Contact et assistance<\/h2>\n\n\n\n<p>Pour toute difficult\u00e9 li\u00e9e \u00e0 l\u2019inscription en ligne ou pour toute question relative \u00e0 l\u2019engagement, les participants sont invit\u00e9s \u00e0  contacter l\u2019organisation de la Mont\u00e9e Historique de Borgo via les coordonn\u00e9es indiqu\u00e9es sur le formulaire.<\/p>\n\n\n\n<p><\/p>\n","protected":false},"excerpt":{"rendered":"<p>La Mont\u00e9e Historique de Borgo est une manifestation automobile de d\u00e9monstration d\u00e9di\u00e9e aux v\u00e9hicules anciens et de collection, organis\u00e9e dans&hellip;<\/p>\n","protected":false},"author":1,"featured_media":0,"parent":0,"menu_order":0,"comment_status":"closed","ping_status":"closed","template":"","meta":{"footnotes":""},"class_list":["post-1278","page","type-page","status-publish","hentry"],"_links":{"self":[{"href":"https:\/\/monteeshistoriques.corsica\/index.php\/wp-json\/wp\/v2\/pages\/1278","targetHints":{"allow":["GET"]}}],"collection":[{"href":"https:\/\/monteeshistoriques.corsica\/index.php\/wp-json\/wp\/v2\/pages"}],"about":[{"href":"https:\/\/monteeshistoriques.corsica\/index.php\/wp-json\/wp\/v2\/types\/page"}],"author":[{"embeddable":true,"href":"https:\/\/monteeshistoriques.corsica\/index.php\/wp-json\/wp\/v2\/users\/1"}],"replies":[{"embeddable":true,"href":"https:\/\/monteeshistoriques.corsica\/index.php\/wp-json\/wp\/v2\/comments?post=1278"}],"version-history":[{"count":5,"href":"https:\/\/monteeshistoriques.corsica\/index.php\/wp-json\/wp\/v2\/pages\/1278\/revisions"}],"predecessor-version":[{"id":1316,"href":"https:\/\/monteeshistoriques.corsica\/index.php\/wp-json\/wp\/v2\/pages\/1278\/revisions\/1316"}],"wp:attachment":[{"href":"https:\/\/monteeshistoriques.corsica\/index.php\/wp-json\/wp\/v2\/media?parent=1278"}],"curies":[{"name":"wp","href":"https:\/\/api.w.org\/{rel}","templated":true}]}}