{"id":1305,"date":"2026-02-12T17:56:08","date_gmt":"2026-02-12T16:56:08","guid":{"rendered":"https:\/\/monteeshistoriques.corsica\/?page_id=1305"},"modified":"2026-02-12T18:09:31","modified_gmt":"2026-02-12T17:09:31","slug":"programme-mh-borgo-2026","status":"publish","type":"page","link":"https:\/\/monteeshistoriques.corsica\/index.php\/programme-mh-borgo-2026\/","title":{"rendered":"Programme"},"content":{"rendered":"\n<h1 class=\"wp-block-heading has-text-align-center\">\ud83c\udfc1<strong> 6\u00e8me Mont\u00e9e HistoriqueD\u00e9monstration de Borgo \u2013 Lucciana \u2013 Volpajola \u2013 Scolca<\/strong><\/h1>\n\n\n\n<h2 class=\"wp-block-heading has-text-align-center\">\ud83d\udcc5 <strong>Samedi 30 mai &amp; Dimanche 31 mai 2026<\/strong><\/h2>\n\n\n\n<p><\/p>\n\n\n\n<p>Un week-end enti\u00e8rement consacr\u00e9 aux v\u00e9hicules historiques et de comp\u00e9tition \ud83c\udfce\ufe0f\u2728<br>Deux jours de d\u00e9monstrations dynamiques sur routes ferm\u00e9es, dans un cadre exceptionnel entre plaine et moyenne montagne.<\/p>\n\n\n\n<hr class=\"wp-block-separator has-alpha-channel-opacity\"\/>\n\n\n\n<h1 class=\"wp-block-heading\">\ud83d\udccd Samedi 30 mai 2026<\/h1>\n\n\n\n<h2 class=\"wp-block-heading\">\ud83d\ude97 V\u00e9rifications &amp; D\u00e9monstrations<\/h2>\n\n\n\n<p>\ud83d\udd63 <strong>8h30 \u2013 11h30<\/strong><br>V\u00e9rifications administratives et techniques<br>\ud83d\udccd Parking de l\u2019Hypermarch\u00e9 Carrefour \u2013 Borgo<\/p>\n\n\n\n<p>\ud83c\udf7d\ufe0f <strong>11h30 \u2013 13h00<\/strong><br>Restauration sur place<\/p>\n\n\n\n<p>\ud83d\udea6 <strong>13h00<\/strong><br>D\u00e9part du parc ferm\u00e9 (Carrefour Borgo) en direction de Barchetta<\/p>\n\n\n\n<hr class=\"wp-block-separator has-alpha-channel-opacity\"\/>\n\n\n\n<h2 class=\"wp-block-heading\">\ud83c\udfc1 Secteur de d\u00e9monstration<\/h2>\n\n\n\n<p><strong>Barchetta \u2013 Volpajola \u2013 Scolca<\/strong><br>\ud83d\udccf 6,5 kilom\u00e8tres<\/p>\n\n\n\n<p>\ud83d\udd5c <strong>13h30<\/strong><br>Premier passage du secteur<\/p>\n\n\n\n<p>\ud83c\udfd9\ufe0f <strong>15h00<\/strong><br>Super d\u00e9monstration \u2013 Avenue de Borgo (1er passage)<\/p>\n\n\n\n<p>\ud83d\udd53 <strong>16h00<\/strong><br>Deuxi\u00e8me passage du premier secteur<\/p>\n\n\n\n<p>\ud83c\udfd9\ufe0f <strong>17h30<\/strong><br>Super d\u00e9monstration \u2013 Avenue de Borgo (2e passage)<\/p>\n\n\n\n<p>\ud83d\udd1a <strong>18h00<\/strong><br>Retour au parc ferm\u00e9<\/p>\n\n\n\n<hr class=\"wp-block-separator has-alpha-channel-opacity\"\/>\n\n\n\n<h1 class=\"wp-block-heading\">\ud83d\udccd Dimanche 31 mai 2026<\/h1>\n\n\n\n<h2 class=\"wp-block-heading\">\ud83c\udfc1 Journ\u00e9e compl\u00e8te de d\u00e9monstrations<\/h2>\n\n\n\n<p>\ud83d\udea6 <strong>7h30<\/strong><br>D\u00e9part du parc ferm\u00e9 en direction de Lucciana village<\/p>\n\n\n\n<hr class=\"wp-block-separator has-alpha-channel-opacity\"\/>\n\n\n\n<h2 class=\"wp-block-heading\">\ud83c\udfc1 Deuxi\u00e8me secteur de d\u00e9monstration<\/h2>\n\n\n\n<p><strong>Lucciana Village \u2013 Borgo Village \u2013 Col de Campo &#8211; Borgo plaine<\/strong><br>\ud83d\udccf 5 kilom\u00e8tres<\/p>\n\n\n\n<p>\ud83d\udd57 <strong>8h00<\/strong><br>D\u00e9part \u2013 1er passage du secteur<\/p>\n\n\n\n<p>\ud83c\udfd9\ufe0f <strong>9h00<\/strong><br>Super d\u00e9monstration \u2013 Avenue de Borgo &#8211; lieu-dit Rasignani<br>\u27a1\ufe0f 1er passage<\/p>\n\n\n\n<p>\ud83d\udd59 <strong>10h00<\/strong><br>D\u00e9part \u2013 2e passage du secteur Lucciana \/ Borgo Village \/ Col de Campo<\/p>\n\n\n\n<p>\ud83d\udd5a <strong>11h00<\/strong><br>Super d\u00e9monstration \u2013 Avenue de Borgo &#8211; lieu-dit Rasignani<br>\u27a1\ufe0f 2\u00e8me passage<\/p>\n\n\n\n<p>\ud83d\udd66 <strong>11h30<\/strong><br>D\u00e9part \u2013 3e passage du secteur Lucciana \/ Borgo Village \/ Col de Campo<\/p>\n\n\n\n<p>\ud83d\udd5b <strong>12h00<\/strong><br>Super d\u00e9monstration \u2013 Avenue de Borgo &#8211; lieu-dit Rasignani<br>\u27a1\ufe0f 3\u00e8me passage<\/p>\n\n\n\n<hr class=\"wp-block-separator has-alpha-channel-opacity\"\/>\n\n\n\n<h2 class=\"wp-block-heading\">\ud83c\udfc6 Cl\u00f4ture de la manifestation<\/h2>\n\n\n\n<p>\ud83d\udd5c <strong>13h30<\/strong><br>Fin officielle de la manifestation<br>Remise des souvenirs \ud83c\udfc5 &#8211; Ap\u00e9ritif et verre de l\u2019amiti\u00e9 \ud83e\udd42<br><br>\ud83d\udccd Carrefour Market \u2013 Borgo<\/p>\n\n\n\n<hr class=\"wp-block-separator has-alpha-channel-opacity\"\/>\n\n\n\n<h1 class=\"wp-block-heading\">\ud83c\udf89 Informations g\u00e9n\u00e9rales<\/h1>\n\n\n\n<ul class=\"wp-block-list\">\n<li>Manifestation r\u00e9serv\u00e9e aux v\u00e9hicules historiques et de comp\u00e9tition<\/li>\n\n\n\n<li>D\u00e9monstrations sur routes ferm\u00e9es et s\u00e9curis\u00e9es<\/li>\n\n\n\n<li>Zones publiques balis\u00e9es<\/li>\n\n\n\n<li>Restauration et buvette disponibles<\/li>\n<\/ul>\n\n\n\n<hr class=\"wp-block-separator has-alpha-channel-opacity\"\/>\n\n\n\n<p>\ud83d\udce3 <strong>Un rendez-vous majeur du sport automobile en Haute-Corse, m\u00ealant passion, patrimoine et convivialit\u00e9.<\/strong><\/p>\n\n\n\n<p>Nous vous donnons rendez-vous les 30 et 31 mai 2026 pour vivre pleinement cette sixi\u00e8me \u00e9dition plac\u00e9e sous le signe de la m\u00e9canique et de l\u2019histoire automobile. \ud83c\udfce\ufe0f\ud83d\udd25<\/p>\n\n\n\n<p><\/p>\n","protected":false},"excerpt":{"rendered":"<p>\ud83c\udfc1 6\u00e8me Mont\u00e9e HistoriqueD\u00e9monstration de Borgo \u2013 Lucciana \u2013 Volpajola \u2013 Scolca \ud83d\udcc5 Samedi 30 mai &amp; Dimanche 31 mai&hellip;<\/p>\n","protected":false},"author":1,"featured_media":0,"parent":0,"menu_order":0,"comment_status":"closed","ping_status":"closed","template":"","meta":{"footnotes":""},"class_list":["post-1305","page","type-page","status-publish","hentry"],"_links":{"self":[{"href":"https:\/\/monteeshistoriques.corsica\/index.php\/wp-json\/wp\/v2\/pages\/1305","targetHints":{"allow":["GET"]}}],"collection":[{"href":"https:\/\/monteeshistoriques.corsica\/index.php\/wp-json\/wp\/v2\/pages"}],"about":[{"href":"https:\/\/monteeshistoriques.corsica\/index.php\/wp-json\/wp\/v2\/types\/page"}],"author":[{"embeddable":true,"href":"https:\/\/monteeshistoriques.corsica\/index.php\/wp-json\/wp\/v2\/users\/1"}],"replies":[{"embeddable":true,"href":"https:\/\/monteeshistoriques.corsica\/index.php\/wp-json\/wp\/v2\/comments?post=1305"}],"version-history":[{"count":6,"href":"https:\/\/monteeshistoriques.corsica\/index.php\/wp-json\/wp\/v2\/pages\/1305\/revisions"}],"predecessor-version":[{"id":1312,"href":"https:\/\/monteeshistoriques.corsica\/index.php\/wp-json\/wp\/v2\/pages\/1305\/revisions\/1312"}],"wp:attachment":[{"href":"https:\/\/monteeshistoriques.corsica\/index.php\/wp-json\/wp\/v2\/media?parent=1305"}],"curies":[{"name":"wp","href":"https:\/\/api.w.org\/{rel}","templated":true}]}}