{"id":133,"date":"2020-09-26T12:02:39","date_gmt":"2020-09-26T10:02:39","guid":{"rendered":"http:\/\/monteeshistoriques.corsica\/?page_id=133"},"modified":"2026-02-07T10:23:25","modified_gmt":"2026-02-07T09:23:25","slug":"partenaires","status":"publish","type":"page","link":"https:\/\/monteeshistoriques.corsica\/index.php\/partenaires\/","title":{"rendered":"Partenaires"},"content":{"rendered":"\n<div class=\"wp-block-media-text alignwide is-stacked-on-mobile is-vertically-aligned-bottom\" style=\"grid-template-columns:26% auto\"><figure class=\"wp-block-media-text__media\"><a href=\"http:\/\/www.entreprisenatali.com\/\"><img loading=\"lazy\" decoding=\"async\" width=\"923\" height=\"911\" src=\"http:\/\/monteeshistoriques.corsica\/wp-content\/uploads\/2020\/09\/natali-logo.jpg\" alt=\"\" class=\"wp-image-229 size-full\" srcset=\"https:\/\/monteeshistoriques.corsica\/wp-content\/uploads\/2020\/09\/natali-logo.jpg 923w, https:\/\/monteeshistoriques.corsica\/wp-content\/uploads\/2020\/09\/natali-logo-300x296.jpg 300w, https:\/\/monteeshistoriques.corsica\/wp-content\/uploads\/2020\/09\/natali-logo-768x758.jpg 768w\" sizes=\"auto, (max-width: 923px) 100vw, 923px\" \/><\/a><\/figure><div class=\"wp-block-media-text__content\">\n<div class=\"wp-block-group\"><div class=\"wp-block-group__inner-container is-layout-flow wp-block-group-is-layout-flow\">\n<pre class=\"wp-block-verse has-text-align-center\">Entreprise Natali\nAvenue de Borgo\n20290 BORGO\n\nEntreprise de b\u00e2timents et travaux publics<\/pre>\n<\/div><\/div>\n\n\n\n<p><\/p>\n<\/div><\/div>\n\n\n\n<div class=\"wp-block-media-text alignwide is-stacked-on-mobile is-vertically-aligned-bottom\" style=\"grid-template-columns:26% auto\"><figure class=\"wp-block-media-text__media\"><a href=\"https:\/\/www.notabene.corsica\/\"><img loading=\"lazy\" decoding=\"async\" width=\"1024\" height=\"1024\" src=\"http:\/\/monteeshistoriques.corsica\/wp-content\/uploads\/2021\/05\/NB-02-16-1024x1024.jpg\" alt=\"\" class=\"wp-image-361 size-full\" srcset=\"https:\/\/monteeshistoriques.corsica\/wp-content\/uploads\/2021\/05\/NB-02-16.jpg 1024w, https:\/\/monteeshistoriques.corsica\/wp-content\/uploads\/2021\/05\/NB-02-16-300x300.jpg 300w, https:\/\/monteeshistoriques.corsica\/wp-content\/uploads\/2021\/05\/NB-02-16-150x150.jpg 150w, https:\/\/monteeshistoriques.corsica\/wp-content\/uploads\/2021\/05\/NB-02-16-768x768.jpg 768w\" sizes=\"auto, (max-width: 1024px) 100vw, 1024px\" \/><\/a><\/figure><div class=\"wp-block-media-text__content\">\n<div class=\"wp-block-group\"><div class=\"wp-block-group__inner-container is-layout-flow wp-block-group-is-layout-flow\">\n<pre class=\"wp-block-verse has-text-align-center\">Nota Bene\nRT 10 - Folelli\n20213 PENTA DI CASINCA\n\nTravaux de secr\u00e9tariat, permanence t\u00e9l\u00e9phonique<\/pre>\n<\/div><\/div>\n\n\n\n<p class=\"has-text-align-center\"><\/p>\n<\/div><\/div>\n\n\n\n<p><\/p>\n\n\n\n<div class=\"wp-block-media-text alignwide is-stacked-on-mobile is-vertically-aligned-bottom\" style=\"grid-template-columns:41% auto\"><figure class=\"wp-block-media-text__media\"><a href=\"http:\/\/www.publi2b.com\"><img loading=\"lazy\" decoding=\"async\" width=\"510\" height=\"510\" src=\"https:\/\/monteeshistoriques.corsica\/wp-content\/uploads\/2026\/02\/2025-12-02-1.png\" alt=\"\" class=\"wp-image-1286 size-full\" srcset=\"https:\/\/monteeshistoriques.corsica\/wp-content\/uploads\/2026\/02\/2025-12-02-1.png 510w, https:\/\/monteeshistoriques.corsica\/wp-content\/uploads\/2026\/02\/2025-12-02-1-300x300.png 300w, https:\/\/monteeshistoriques.corsica\/wp-content\/uploads\/2026\/02\/2025-12-02-1-150x150.png 150w\" sizes=\"auto, (max-width: 510px) 100vw, 510px\" \/><\/a><\/figure><div class=\"wp-block-media-text__content\">\n<div class=\"wp-block-group\"><div class=\"wp-block-group__inner-container is-layout-flow wp-block-group-is-layout-flow\">\n<pre class=\"wp-block-verse has-text-align-center\">Publi 2B <br>Avenue Sampiero Corso<br>20600 BASTIA<br><br>Publicit\u00e9s sur tous supports<\/pre>\n\n\n\n<p class=\"has-text-align-center\"><\/p>\n<\/div><\/div>\n\n\n\n<p><\/p>\n<\/div><\/div>\n\n\n\n<div class=\"wp-block-media-text alignwide is-stacked-on-mobile is-vertically-aligned-bottom\" style=\"grid-template-columns:26% auto\"><figure class=\"wp-block-media-text__media\"><a href=\"https:\/\/www.lappollu.com\/\"><img loading=\"lazy\" decoding=\"async\" width=\"1024\" height=\"768\" src=\"http:\/\/monteeshistoriques.corsica\/wp-content\/uploads\/2021\/05\/OSteri-Appollu-1024x768.jpg\" alt=\"\" class=\"wp-image-364 size-full\" srcset=\"https:\/\/monteeshistoriques.corsica\/wp-content\/uploads\/2021\/05\/OSteri-Appollu-1024x768.jpg 1024w, https:\/\/monteeshistoriques.corsica\/wp-content\/uploads\/2021\/05\/OSteri-Appollu-300x225.jpg 300w, https:\/\/monteeshistoriques.corsica\/wp-content\/uploads\/2021\/05\/OSteri-Appollu-768x576.jpg 768w, https:\/\/monteeshistoriques.corsica\/wp-content\/uploads\/2021\/05\/OSteri-Appollu-1536x1152.jpg 1536w, https:\/\/monteeshistoriques.corsica\/wp-content\/uploads\/2021\/05\/OSteri-Appollu.jpg 2000w\" sizes=\"auto, (max-width: 1024px) 100vw, 1024px\" \/><\/a><\/figure><div class=\"wp-block-media-text__content\">\n<div class=\"wp-block-group\"><div class=\"wp-block-group__inner-container is-layout-flow wp-block-group-is-layout-flow\">\n<pre class=\"wp-block-verse has-text-align-center\">L'Appollu Osteria\nSotto alla Chiesa\n20237 LA PORTA\n\nRestaurant et demeure d'exception<\/pre>\n\n\n\n<p><\/p>\n<\/div><\/div>\n\n\n\n<p><\/p>\n<\/div><\/div>\n\n\n\n<div style=\"height:78px\" aria-hidden=\"true\" class=\"wp-block-spacer\"><\/div>\n\n\n\n<div class=\"wp-block-media-text alignwide is-stacked-on-mobile is-vertically-aligned-bottom\" style=\"grid-template-columns:26% auto\"><figure class=\"wp-block-media-text__media\"><a href=\"https:\/\/depannage-corse.fr\/\"><img loading=\"lazy\" decoding=\"async\" width=\"600\" height=\"600\" src=\"http:\/\/monteeshistoriques.corsica\/wp-content\/uploads\/2022\/03\/DAC-CORSE.jpg\" alt=\"\" class=\"wp-image-705 size-full\" srcset=\"https:\/\/monteeshistoriques.corsica\/wp-content\/uploads\/2022\/03\/DAC-CORSE.jpg 600w, https:\/\/monteeshistoriques.corsica\/wp-content\/uploads\/2022\/03\/DAC-CORSE-300x300.jpg 300w, https:\/\/monteeshistoriques.corsica\/wp-content\/uploads\/2022\/03\/DAC-CORSE-150x150.jpg 150w\" sizes=\"auto, (max-width: 600px) 100vw, 600px\" \/><\/a><\/figure><div class=\"wp-block-media-text__content\">\n<div class=\"wp-block-group\"><div class=\"wp-block-group__inner-container is-layout-flow wp-block-group-is-layout-flow\">\n<pre class=\"wp-block-verse has-text-align-center\">DAC - D\u00e9pannage Automobile Corse\nValrose\n20290 BORGO\n\nD\u00e9pannage et transport de v\u00e9hicules en Corse<\/pre>\n<\/div><\/div>\n\n\n\n<p><\/p>\n<\/div><\/div>\n\n\n\n<div style=\"height:127px\" aria-hidden=\"true\" class=\"wp-block-spacer\"><\/div>\n\n\n\n<div class=\"wp-block-media-text alignwide is-stacked-on-mobile is-vertically-aligned-bottom\" style=\"grid-template-columns:26% auto\"><figure class=\"wp-block-media-text__media\"><a href=\"https:\/\/www.sportimers.com\/\"><img loading=\"lazy\" decoding=\"async\" width=\"403\" height=\"402\" src=\"https:\/\/monteeshistoriques.corsica\/wp-content\/uploads\/2026\/02\/Sportimers.jpg\" alt=\"\" class=\"wp-image-1290 size-full\" srcset=\"https:\/\/monteeshistoriques.corsica\/wp-content\/uploads\/2026\/02\/Sportimers.jpg 403w, https:\/\/monteeshistoriques.corsica\/wp-content\/uploads\/2026\/02\/Sportimers-300x300.jpg 300w, https:\/\/monteeshistoriques.corsica\/wp-content\/uploads\/2026\/02\/Sportimers-150x150.jpg 150w\" sizes=\"auto, (max-width: 403px) 100vw, 403px\" \/><\/a><\/figure><div class=\"wp-block-media-text__content\">\n<div class=\"wp-block-group\"><div class=\"wp-block-group__inner-container is-layout-flow wp-block-group-is-layout-flow\">\n<pre class=\"wp-block-verse has-text-align-center\">Sportimers<br>Village<br>20229 PIEDICROCE<br><br><\/pre>\n<\/div><\/div>\n\n\n\n<p><\/p>\n<\/div><\/div>\n\n\n\n<p><\/p>\n","protected":false},"excerpt":{"rendered":"","protected":false},"author":1,"featured_media":0,"parent":0,"menu_order":0,"comment_status":"closed","ping_status":"closed","template":"","meta":{"footnotes":""},"class_list":["post-133","page","type-page","status-publish","hentry"],"_links":{"self":[{"href":"https:\/\/monteeshistoriques.corsica\/index.php\/wp-json\/wp\/v2\/pages\/133","targetHints":{"allow":["GET"]}}],"collection":[{"href":"https:\/\/monteeshistoriques.corsica\/index.php\/wp-json\/wp\/v2\/pages"}],"about":[{"href":"https:\/\/monteeshistoriques.corsica\/index.php\/wp-json\/wp\/v2\/types\/page"}],"author":[{"embeddable":true,"href":"https:\/\/monteeshistoriques.corsica\/index.php\/wp-json\/wp\/v2\/users\/1"}],"replies":[{"embeddable":true,"href":"https:\/\/monteeshistoriques.corsica\/index.php\/wp-json\/wp\/v2\/comments?post=133"}],"version-history":[{"count":29,"href":"https:\/\/monteeshistoriques.corsica\/index.php\/wp-json\/wp\/v2\/pages\/133\/revisions"}],"predecessor-version":[{"id":1297,"href":"https:\/\/monteeshistoriques.corsica\/index.php\/wp-json\/wp\/v2\/pages\/133\/revisions\/1297"}],"wp:attachment":[{"href":"https:\/\/monteeshistoriques.corsica\/index.php\/wp-json\/wp\/v2\/media?parent=133"}],"curies":[{"name":"wp","href":"https:\/\/api.w.org\/{rel}","templated":true}]}}