{"id":135,"date":"2020-09-26T12:02:39","date_gmt":"2020-09-26T10:02:39","guid":{"rendered":"http:\/\/monteeshistoriques.corsica\/?page_id=135"},"modified":"2025-03-21T09:58:20","modified_gmt":"2025-03-21T08:58:20","slug":"accueil","status":"publish","type":"page","link":"https:\/\/monteeshistoriques.corsica\/index.php\/accueil\/","title":{"rendered":"Accueil"},"content":{"rendered":"\n<h2 class=\"wp-block-heading has-text-align-center\"><strong>\ud83c\udfc1 Bienvenue sur le site officiel des Mont\u00e9es Historiques de Corse <\/strong><\/h2>\n\n\n\n<p>Passionn\u00e9s d\u2019automobile, nostalgiques des bolides d\u2019antan et amateurs de sensations fortes, <strong>les Mont\u00e9es Historiques de Corse<\/strong> vous offrent un voyage dans le temps \u00e0 travers les routes mythiques de l\u2019\u00eele de Beaut\u00e9.<\/p>\n\n\n\n<p>\ud83d\udd39 <strong>Qu\u2019est-ce qu\u2019une Mont\u00e9e Historique ?<\/strong><br>Les Mont\u00e9es Historiques sont des \u00e9v\u00e9nements non chronom\u00e9tr\u00e9s permettant aux pilotes de faire revivre, en toute s\u00e9curit\u00e9, l\u2019\u00e2ge d\u2019or du sport automobile.<br>Sur des trac\u00e9s embl\u00e9matiques, ces mont\u00e9es permettent d\u2019admirer des v\u00e9hicules de collection et de comp\u00e9tition qui ont marqu\u00e9 l\u2019histoire du rallye et de la course de c\u00f4te.<\/p>\n\n\n\n<p>\ud83d\udd39 <strong>Un patrimoine automobile et sportif \u00e0 l\u2019honneur<\/strong><br>Chaque \u00e9dition met en lumi\u00e8re des voitures l\u00e9gendaires, des pilotes embl\u00e9matiques et des parcours qui ont fait la renomm\u00e9e du sport automobile en Corse.<br>Ces \u00e9v\u00e9nements sont une v\u00e9ritable c\u00e9l\u00e9bration de la culture automobile insulaire et un hommage aux passionn\u00e9s qui perp\u00e9tuent cette tradition.<\/p>\n\n\n\n<p>\ud83d\udd39 <strong>Une exp\u00e9rience unique pour tous<\/strong><br>Que vous soyez pilote, copilote, collectionneur ou simple amateur, les Mont\u00e9es Historiques de Corse sont ouvertes \u00e0 tous.<br>Elles offrent une occasion exceptionnelle de partager une passion commune, de rencontrer d\u2019autres passionn\u00e9s et de red\u00e9couvrir les v\u00e9hicules qui ont marqu\u00e9 l\u2019histoire du sport automobile.<\/p>\n\n\n\n<p>\ud83d\udcc5 <strong>Rejoignez-nous sur les plus belles routes de Corse et venez vivre la l\u00e9gende du sport automobile !<\/strong><\/p>\n\n\n\n<p class=\"has-text-align-center\">\ud83d\ude97 <strong>Ressentez l\u2019\u00e9motion, revivez l\u2019histoire !<\/strong><\/p>\n","protected":false},"excerpt":{"rendered":"<p>\ud83c\udfc1 Bienvenue sur le site officiel des Mont\u00e9es Historiques de Corse Passionn\u00e9s d\u2019automobile, nostalgiques des bolides d\u2019antan et amateurs de&hellip;<\/p>\n","protected":false},"author":1,"featured_media":0,"parent":0,"menu_order":0,"comment_status":"closed","ping_status":"closed","template":"","meta":{"footnotes":""},"class_list":["post-135","page","type-page","status-publish","hentry"],"_links":{"self":[{"href":"https:\/\/monteeshistoriques.corsica\/index.php\/wp-json\/wp\/v2\/pages\/135","targetHints":{"allow":["GET"]}}],"collection":[{"href":"https:\/\/monteeshistoriques.corsica\/index.php\/wp-json\/wp\/v2\/pages"}],"about":[{"href":"https:\/\/monteeshistoriques.corsica\/index.php\/wp-json\/wp\/v2\/types\/page"}],"author":[{"embeddable":true,"href":"https:\/\/monteeshistoriques.corsica\/index.php\/wp-json\/wp\/v2\/users\/1"}],"replies":[{"embeddable":true,"href":"https:\/\/monteeshistoriques.corsica\/index.php\/wp-json\/wp\/v2\/comments?post=135"}],"version-history":[{"count":4,"href":"https:\/\/monteeshistoriques.corsica\/index.php\/wp-json\/wp\/v2\/pages\/135\/revisions"}],"predecessor-version":[{"id":1142,"href":"https:\/\/monteeshistoriques.corsica\/index.php\/wp-json\/wp\/v2\/pages\/135\/revisions\/1142"}],"wp:attachment":[{"href":"https:\/\/monteeshistoriques.corsica\/index.php\/wp-json\/wp\/v2\/media?parent=135"}],"curies":[{"name":"wp","href":"https:\/\/api.w.org\/{rel}","templated":true}]}}