{"id":165,"date":"2020-09-26T12:15:18","date_gmt":"2020-09-26T10:15:18","guid":{"rendered":"http:\/\/monteeshistoriques.corsica\/?page_id=165"},"modified":"2021-11-25T17:32:33","modified_gmt":"2021-11-25T16:32:33","slug":"galerie","status":"publish","type":"page","link":"https:\/\/monteeshistoriques.corsica\/index.php\/galerie\/","title":{"rendered":"Galerie"},"content":{"rendered":"\n<p>Bienvenue sur la galerie photos des divers \u00e9v\u00e8nements depuis 2016.<\/p>\n\n\n\n<p>N&rsquo;h\u00e9sitez pas \u00e0 nous contacter pour nous transmettre vos r\u00e9alisations, nous les ajouterons \u00e0 la galerie relative \u00e0 la mont\u00e9e historique correspondante.<\/p>\n\n\n\n<p>La page \u00e9voluera au fur et \u00e0 mesure.<\/p>\n","protected":false},"excerpt":{"rendered":"<p>Bienvenue sur la galerie photos des divers \u00e9v\u00e8nements depuis 2016. N&rsquo;h\u00e9sitez pas \u00e0 nous contacter pour nous transmettre vos r\u00e9alisations,&hellip;<\/p>\n","protected":false},"author":1,"featured_media":234,"parent":0,"menu_order":0,"comment_status":"closed","ping_status":"closed","template":"","meta":{"footnotes":""},"class_list":["post-165","page","type-page","status-publish","has-post-thumbnail","hentry"],"_links":{"self":[{"href":"https:\/\/monteeshistoriques.corsica\/index.php\/wp-json\/wp\/v2\/pages\/165","targetHints":{"allow":["GET"]}}],"collection":[{"href":"https:\/\/monteeshistoriques.corsica\/index.php\/wp-json\/wp\/v2\/pages"}],"about":[{"href":"https:\/\/monteeshistoriques.corsica\/index.php\/wp-json\/wp\/v2\/types\/page"}],"author":[{"embeddable":true,"href":"https:\/\/monteeshistoriques.corsica\/index.php\/wp-json\/wp\/v2\/users\/1"}],"replies":[{"embeddable":true,"href":"https:\/\/monteeshistoriques.corsica\/index.php\/wp-json\/wp\/v2\/comments?post=165"}],"version-history":[{"count":4,"href":"https:\/\/monteeshistoriques.corsica\/index.php\/wp-json\/wp\/v2\/pages\/165\/revisions"}],"predecessor-version":[{"id":469,"href":"https:\/\/monteeshistoriques.corsica\/index.php\/wp-json\/wp\/v2\/pages\/165\/revisions\/469"}],"wp:featuredmedia":[{"embeddable":true,"href":"https:\/\/monteeshistoriques.corsica\/index.php\/wp-json\/wp\/v2\/media\/234"}],"wp:attachment":[{"href":"https:\/\/monteeshistoriques.corsica\/index.php\/wp-json\/wp\/v2\/media?parent=165"}],"curies":[{"name":"wp","href":"https:\/\/api.w.org\/{rel}","templated":true}]}}