{"id":184,"date":"2020-09-26T14:08:26","date_gmt":"2020-09-26T12:08:26","guid":{"rendered":"http:\/\/monteeshistoriques.corsica\/?page_id=184"},"modified":"2021-11-08T08:13:23","modified_gmt":"2021-11-08T07:13:23","slug":"engagement","status":"publish","type":"page","link":"https:\/\/monteeshistoriques.corsica\/index.php\/engagement\/","title":{"rendered":"Engagement"},"content":{"rendered":"\n<p>Vous retrouverez sur cette page le dossier d&rsquo;engagement \u00e0 retourner \u00e0 l&rsquo;adresse mentionn\u00e9e sur les documents.<\/p>\n\n\n\n<div class=\"wp-block-file\"><a href=\"http:\/\/monteeshistoriques.corsica\/wp-content\/uploads\/2021\/11\/Dossier-engagement-PDF-2021.pdf\">Dossier-engagement-PDF-2021<\/a><a href=\"http:\/\/monteeshistoriques.corsica\/wp-content\/uploads\/2021\/11\/Dossier-engagement-PDF-2021.pdf\" class=\"wp-block-file__button\" download>T\u00e9l\u00e9charger<\/a><\/div>\n\n\n\n<div class=\"wp-block-file\"><a href=\"http:\/\/monteeshistoriques.corsica\/wp-content\/uploads\/2021\/11\/Dossier-engagement-DOC-2021.doc\">Dossier-engagement-DOC-2021<\/a><a href=\"http:\/\/monteeshistoriques.corsica\/wp-content\/uploads\/2021\/11\/Dossier-engagement-DOC-2021.doc\" class=\"wp-block-file__button\" download>T\u00e9l\u00e9charger<\/a><\/div>\n\n\n\n<p><\/p>\n","protected":false},"excerpt":{"rendered":"<p>Vous retrouverez sur cette page le dossier d&rsquo;engagement \u00e0 retourner \u00e0 l&rsquo;adresse mentionn\u00e9e sur les documents.<\/p>\n","protected":false},"author":1,"featured_media":0,"parent":0,"menu_order":0,"comment_status":"closed","ping_status":"closed","template":"","meta":{"footnotes":""},"class_list":["post-184","page","type-page","status-publish","hentry"],"_links":{"self":[{"href":"https:\/\/monteeshistoriques.corsica\/index.php\/wp-json\/wp\/v2\/pages\/184","targetHints":{"allow":["GET"]}}],"collection":[{"href":"https:\/\/monteeshistoriques.corsica\/index.php\/wp-json\/wp\/v2\/pages"}],"about":[{"href":"https:\/\/monteeshistoriques.corsica\/index.php\/wp-json\/wp\/v2\/types\/page"}],"author":[{"embeddable":true,"href":"https:\/\/monteeshistoriques.corsica\/index.php\/wp-json\/wp\/v2\/users\/1"}],"replies":[{"embeddable":true,"href":"https:\/\/monteeshistoriques.corsica\/index.php\/wp-json\/wp\/v2\/comments?post=184"}],"version-history":[{"count":9,"href":"https:\/\/monteeshistoriques.corsica\/index.php\/wp-json\/wp\/v2\/pages\/184\/revisions"}],"predecessor-version":[{"id":427,"href":"https:\/\/monteeshistoriques.corsica\/index.php\/wp-json\/wp\/v2\/pages\/184\/revisions\/427"}],"wp:attachment":[{"href":"https:\/\/monteeshistoriques.corsica\/index.php\/wp-json\/wp\/v2\/media?parent=184"}],"curies":[{"name":"wp","href":"https:\/\/api.w.org\/{rel}","templated":true}]}}