{"id":60,"date":"2020-09-26T11:39:04","date_gmt":"2020-09-26T09:39:04","guid":{"rendered":"http:\/\/monteeshistoriques.corsica\/?page_id=60"},"modified":"2022-05-17T22:22:58","modified_gmt":"2022-05-17T20:22:58","slug":"cartes-5","status":"publish","type":"page","link":"https:\/\/monteeshistoriques.corsica\/index.php\/cartes-5\/","title":{"rendered":"Cartes"},"content":{"rendered":"\n<figure class=\"wp-block-image size-large\"><img loading=\"lazy\" decoding=\"async\" width=\"1024\" height=\"512\" src=\"http:\/\/monteeshistoriques.corsica\/wp-content\/uploads\/2021\/05\/Carte-generale-CAMPILE-2021-1024x512.jpg\" alt=\"Campile Legend Mutori 2021\" class=\"wp-image-340\" srcset=\"https:\/\/monteeshistoriques.corsica\/wp-content\/uploads\/2021\/05\/Carte-generale-CAMPILE-2021-1024x512.jpg 1024w, https:\/\/monteeshistoriques.corsica\/wp-content\/uploads\/2021\/05\/Carte-generale-CAMPILE-2021-300x150.jpg 300w, https:\/\/monteeshistoriques.corsica\/wp-content\/uploads\/2021\/05\/Carte-generale-CAMPILE-2021-768x384.jpg 768w, https:\/\/monteeshistoriques.corsica\/wp-content\/uploads\/2021\/05\/Carte-generale-CAMPILE-2021-1536x768.jpg 1536w, https:\/\/monteeshistoriques.corsica\/wp-content\/uploads\/2021\/05\/Carte-generale-CAMPILE-2021.jpg 1909w\" sizes=\"auto, (max-width: 1024px) 100vw, 1024px\" \/><figcaption>Carte g\u00e9n\u00e9rale Campile Legend Mutori 2022<\/figcaption><\/figure>\n\n\n\n<p><\/p>\n\n\n\n<figure class=\"wp-block-image size-large\"><img loading=\"lazy\" decoding=\"async\" width=\"1024\" height=\"512\" src=\"http:\/\/monteeshistoriques.corsica\/wp-content\/uploads\/2021\/05\/Carte-generale-CAMPILE-2021-Dimanche-1024x512.jpg\" alt=\"Campile Legend Mutori 2021\" class=\"wp-image-338\" srcset=\"https:\/\/monteeshistoriques.corsica\/wp-content\/uploads\/2021\/05\/Carte-generale-CAMPILE-2021-Dimanche-1024x512.jpg 1024w, https:\/\/monteeshistoriques.corsica\/wp-content\/uploads\/2021\/05\/Carte-generale-CAMPILE-2021-Dimanche-300x150.jpg 300w, https:\/\/monteeshistoriques.corsica\/wp-content\/uploads\/2021\/05\/Carte-generale-CAMPILE-2021-Dimanche-768x384.jpg 768w, https:\/\/monteeshistoriques.corsica\/wp-content\/uploads\/2021\/05\/Carte-generale-CAMPILE-2021-Dimanche-1536x768.jpg 1536w, https:\/\/monteeshistoriques.corsica\/wp-content\/uploads\/2021\/05\/Carte-generale-CAMPILE-2021-Dimanche.jpg 1909w\" sizes=\"auto, (max-width: 1024px) 100vw, 1024px\" \/><figcaption>Carte Campile Legend Mutori &#8211; Trac\u00e9 de samedi qui sera l\u00e9g\u00e8rement rallong\u00e9<\/figcaption><\/figure>\n\n\n\n<figure class=\"wp-block-image size-large\"><img loading=\"lazy\" decoding=\"async\" width=\"1024\" height=\"512\" src=\"http:\/\/monteeshistoriques.corsica\/wp-content\/uploads\/2021\/05\/Carte-generale-CAMPILE-2021-samedi-1024x512.jpg\" alt=\"Campile Legend Mutori 2021\" class=\"wp-image-339\" srcset=\"https:\/\/monteeshistoriques.corsica\/wp-content\/uploads\/2021\/05\/Carte-generale-CAMPILE-2021-samedi-1024x512.jpg 1024w, https:\/\/monteeshistoriques.corsica\/wp-content\/uploads\/2021\/05\/Carte-generale-CAMPILE-2021-samedi-300x150.jpg 300w, https:\/\/monteeshistoriques.corsica\/wp-content\/uploads\/2021\/05\/Carte-generale-CAMPILE-2021-samedi-768x384.jpg 768w, https:\/\/monteeshistoriques.corsica\/wp-content\/uploads\/2021\/05\/Carte-generale-CAMPILE-2021-samedi-1536x768.jpg 1536w, https:\/\/monteeshistoriques.corsica\/wp-content\/uploads\/2021\/05\/Carte-generale-CAMPILE-2021-samedi.jpg 1909w\" sizes=\"auto, (max-width: 1024px) 100vw, 1024px\" \/><figcaption>Carte Campile Legend Mutori &#8211; Trac\u00e9 de dimanche<\/figcaption><\/figure>\n\n\n\n<p><\/p>\n","protected":false},"excerpt":{"rendered":"","protected":false},"author":1,"featured_media":0,"parent":0,"menu_order":0,"comment_status":"closed","ping_status":"closed","template":"","meta":{"footnotes":""},"class_list":["post-60","page","type-page","status-publish","hentry"],"_links":{"self":[{"href":"https:\/\/monteeshistoriques.corsica\/index.php\/wp-json\/wp\/v2\/pages\/60","targetHints":{"allow":["GET"]}}],"collection":[{"href":"https:\/\/monteeshistoriques.corsica\/index.php\/wp-json\/wp\/v2\/pages"}],"about":[{"href":"https:\/\/monteeshistoriques.corsica\/index.php\/wp-json\/wp\/v2\/types\/page"}],"author":[{"embeddable":true,"href":"https:\/\/monteeshistoriques.corsica\/index.php\/wp-json\/wp\/v2\/users\/1"}],"replies":[{"embeddable":true,"href":"https:\/\/monteeshistoriques.corsica\/index.php\/wp-json\/wp\/v2\/comments?post=60"}],"version-history":[{"count":5,"href":"https:\/\/monteeshistoriques.corsica\/index.php\/wp-json\/wp\/v2\/pages\/60\/revisions"}],"predecessor-version":[{"id":735,"href":"https:\/\/monteeshistoriques.corsica\/index.php\/wp-json\/wp\/v2\/pages\/60\/revisions\/735"}],"wp:attachment":[{"href":"https:\/\/monteeshistoriques.corsica\/index.php\/wp-json\/wp\/v2\/media?parent=60"}],"curies":[{"name":"wp","href":"https:\/\/api.w.org\/{rel}","templated":true}]}}