{"id":62,"date":"2020-09-26T11:39:04","date_gmt":"2020-09-26T09:39:04","guid":{"rendered":"http:\/\/monteeshistoriques.corsica\/?page_id=62"},"modified":"2021-05-19T08:38:09","modified_gmt":"2021-05-19T06:38:09","slug":"edition-2021","status":"publish","type":"page","link":"https:\/\/monteeshistoriques.corsica\/index.php\/edition-2021\/","title":{"rendered":"Edition 2021"},"content":{"rendered":"\n<p><strong>L&rsquo;\u00e9dition 2021<\/strong> se tiendra <strong>les 3 et 4 juillet<\/strong> prochains.<\/p>\n\n\n\n<p>Elle se d\u00e9roulera sur plusieurs sites, notamment <strong>Barchetta<\/strong>, comportant les points de d\u00e9parts, <strong>Campile<\/strong> pour les arriv\u00e9es, regroupements, v\u00e9rifications et moments de convivialit\u00e9s, ainsi que, nouveaut\u00e9 de cette \u00e9dition, autour de la commune de <strong>Penta Acquatella<\/strong>.<\/p>\n\n\n\n<p><\/p>\n\n\n\n<p>Vous retrouverez sous les diff\u00e9rents onglets, <a href=\"http:\/\/monteeshistoriques.corsica\/index.php\/cartes-5\/\">les cartes<\/a> vous aidant ainsi a visualiser les diff\u00e9rentes mont\u00e9es, la carte g\u00e9n\u00e9rale de la 3\u00e8me \u00e9dition du <strong>Campile Legend Mutori.<\/strong><\/p>\n\n\n\n<p>Mais encore, <a href=\"http:\/\/monteeshistoriques.corsica\/index.php\/programme-5\/\">le programme<\/a>, ou le <a href=\"http:\/\/monteeshistoriques.corsica\/index.php\/engagement-2\/\">dossier d&rsquo;engagement<\/a>.<\/p>\n\n\n\n<p>En cas de n\u00e9cessit\u00e9 ou d&rsquo;informations compl\u00e9mentaires, nous restons joignables via le <a href=\"http:\/\/monteeshistoriques.corsica\/index.php\/contact\/\">formulaire contact<\/a> du site ou bien par t\u00e9l\u00e9phone.<\/p>\n\n\n\n<p>Nous vous remercions de bien vouloir nous faire parvenir les dossiers complets, et ce afin de gagner un temps pr\u00e9cieux le jour des v\u00e9rifications.<\/p>\n\n\n\n<p>De m\u00eame, dans ce contexte sanitaire encore fragile, nous vous \u00e9vitons au maximum les contacts et les manipulations de documents sur place.<\/p>\n\n\n\n<p>Comptant sur votre compr\u00e9hension, sur votre motivation et conscients de l&rsquo;attente, qui a \u00e9t\u00e9 longue, nous sommes ravis de pouvoir vous retrouver cette ann\u00e9e !<\/p>\n\n\n\n<p>A prestu !<\/p>\n\n\n\n<p>A squadra Accolta Mutori \/ Machja Mutori <\/p>\n","protected":false},"excerpt":{"rendered":"<p>L&rsquo;\u00e9dition 2021 se tiendra les 3 et 4 juillet prochains. Elle se d\u00e9roulera sur plusieurs sites, notamment Barchetta, comportant les&hellip;<\/p>\n","protected":false},"author":1,"featured_media":0,"parent":0,"menu_order":0,"comment_status":"closed","ping_status":"closed","template":"","meta":{"footnotes":""},"class_list":["post-62","page","type-page","status-publish","hentry"],"_links":{"self":[{"href":"https:\/\/monteeshistoriques.corsica\/index.php\/wp-json\/wp\/v2\/pages\/62","targetHints":{"allow":["GET"]}}],"collection":[{"href":"https:\/\/monteeshistoriques.corsica\/index.php\/wp-json\/wp\/v2\/pages"}],"about":[{"href":"https:\/\/monteeshistoriques.corsica\/index.php\/wp-json\/wp\/v2\/types\/page"}],"author":[{"embeddable":true,"href":"https:\/\/monteeshistoriques.corsica\/index.php\/wp-json\/wp\/v2\/users\/1"}],"replies":[{"embeddable":true,"href":"https:\/\/monteeshistoriques.corsica\/index.php\/wp-json\/wp\/v2\/comments?post=62"}],"version-history":[{"count":5,"href":"https:\/\/monteeshistoriques.corsica\/index.php\/wp-json\/wp\/v2\/pages\/62\/revisions"}],"predecessor-version":[{"id":358,"href":"https:\/\/monteeshistoriques.corsica\/index.php\/wp-json\/wp\/v2\/pages\/62\/revisions\/358"}],"wp:attachment":[{"href":"https:\/\/monteeshistoriques.corsica\/index.php\/wp-json\/wp\/v2\/media?parent=62"}],"curies":[{"name":"wp","href":"https:\/\/api.w.org\/{rel}","templated":true}]}}