{"id":63,"date":"2020-09-26T11:39:04","date_gmt":"2020-09-26T09:39:04","guid":{"rendered":"http:\/\/monteeshistoriques.corsica\/?page_id=63"},"modified":"2021-08-31T11:15:02","modified_gmt":"2021-08-31T09:15:02","slug":"edition-2021-2","status":"publish","type":"page","link":"https:\/\/monteeshistoriques.corsica\/index.php\/edition-2021-2\/","title":{"rendered":"Edition 2021"},"content":{"rendered":"\n<p><strong>L&rsquo;\u00e9dition 2021<\/strong> se tiendra <strong>les 20 et 21 novembre<\/strong> prochains.<\/p>\n\n\n\n<p>Elle se d\u00e9roulera sur un site principal, qui est le complexe sportif Paul Natali, situ\u00e9 au sud de la commune de Borgo. <\/p>\n\n\n\n<p>L&rsquo;acc\u00e8s est ais\u00e9, et les possibilit\u00e9s de parking quasi illimit\u00e9es.<\/p>\n\n\n\n<p>Vous retrouverez sous les diff\u00e9rents onglets, les cartes vous aidant ainsi a visualiser les diff\u00e9rentes mont\u00e9es, la carte g\u00e9n\u00e9rale de la 1\u00e8re \u00e9dition de la Mont\u00e9e Historique de Borgu-Vignale<\/p>\n\n\n\n<p>Mais encore, le programme, ou le dossier d&rsquo;engagement.<\/p>\n\n\n\n<p>En cas de n\u00e9cessit\u00e9 ou d&rsquo;informations compl\u00e9mentaires, nous restons joignables via le <a href=\"http:\/\/monteeshistoriques.corsica\/index.php\/contact\/\">formulaire contact<\/a> du site ou bien par t\u00e9l\u00e9phone.<\/p>\n\n\n\n<p>Nous vous remercions de bien vouloir nous faire parvenir les dossiers complets, et ce afin de gagner un temps pr\u00e9cieux le jour des v\u00e9rifications.<\/p>\n\n\n\n<p>De m\u00eame, dans ce contexte sanitaire encore fragile, nous vous \u00e9vitons au maximum les contacts et les manipulations de documents sur place.<\/p>\n\n\n\n<p>Comptant sur votre compr\u00e9hension, sur votre motivation et conscients de l&rsquo;attente, qui a \u00e9t\u00e9 longue, nous sommes ravis de pouvoir vous retrouver cette ann\u00e9e !<\/p>\n\n\n\n<p>A prestu !<\/p>\n\n\n\n<p>A squadra Accolta Mutori<\/p>\n","protected":false},"excerpt":{"rendered":"<p>L&rsquo;\u00e9dition 2021 se tiendra les 20 et 21 novembre prochains. Elle se d\u00e9roulera sur un site principal, qui est le&hellip;<\/p>\n","protected":false},"author":1,"featured_media":0,"parent":0,"menu_order":0,"comment_status":"closed","ping_status":"closed","template":"","meta":{"footnotes":""},"class_list":["post-63","page","type-page","status-publish","hentry"],"_links":{"self":[{"href":"https:\/\/monteeshistoriques.corsica\/index.php\/wp-json\/wp\/v2\/pages\/63","targetHints":{"allow":["GET"]}}],"collection":[{"href":"https:\/\/monteeshistoriques.corsica\/index.php\/wp-json\/wp\/v2\/pages"}],"about":[{"href":"https:\/\/monteeshistoriques.corsica\/index.php\/wp-json\/wp\/v2\/types\/page"}],"author":[{"embeddable":true,"href":"https:\/\/monteeshistoriques.corsica\/index.php\/wp-json\/wp\/v2\/users\/1"}],"replies":[{"embeddable":true,"href":"https:\/\/monteeshistoriques.corsica\/index.php\/wp-json\/wp\/v2\/comments?post=63"}],"version-history":[{"count":5,"href":"https:\/\/monteeshistoriques.corsica\/index.php\/wp-json\/wp\/v2\/pages\/63\/revisions"}],"predecessor-version":[{"id":414,"href":"https:\/\/monteeshistoriques.corsica\/index.php\/wp-json\/wp\/v2\/pages\/63\/revisions\/414"}],"wp:attachment":[{"href":"https:\/\/monteeshistoriques.corsica\/index.php\/wp-json\/wp\/v2\/media?parent=63"}],"curies":[{"name":"wp","href":"https:\/\/api.w.org\/{rel}","templated":true}]}}