{"id":688,"date":"2022-03-14T13:55:09","date_gmt":"2022-03-14T12:55:09","guid":{"rendered":"http:\/\/monteeshistoriques.corsica\/?page_id=688"},"modified":"2022-03-17T15:06:59","modified_gmt":"2022-03-17T14:06:59","slug":"cartes-2022-borgo","status":"publish","type":"page","link":"https:\/\/monteeshistoriques.corsica\/index.php\/cartes-2022-borgo\/","title":{"rendered":"Cartes 2022 Borgo"},"content":{"rendered":"\n<div data-wp-interactive=\"core\/file\" class=\"wp-block-file\"><object data-wp-bind--hidden=\"!state.hasPdfPreview\" hidden class=\"wp-block-file__embed\" data=\"http:\/\/monteeshistoriques.corsica\/wp-content\/uploads\/2022\/03\/Trace-1er-jour.pdf\" type=\"application\/pdf\" style=\"width:100%;height:600px\" aria-label=\"Contenu embarqu\u00e9 Contenu embarqu\u00e9 MH Borgo Vignale Lucciana - trac\u00e9 J1..\"><\/object><a href=\"http:\/\/monteeshistoriques.corsica\/wp-content\/uploads\/2022\/03\/Trace-1er-jour.pdf\">MH Borgo Vignale Lucciana &#8211; trac\u00e9 J1<\/a><a href=\"http:\/\/monteeshistoriques.corsica\/wp-content\/uploads\/2022\/03\/Trace-1er-jour.pdf\" class=\"wp-block-file__button\" download>T\u00e9l\u00e9charger<\/a><\/div>\n\n\n\n<div data-wp-interactive=\"core\/file\" class=\"wp-block-file\"><object data-wp-bind--hidden=\"!state.hasPdfPreview\" hidden class=\"wp-block-file__embed\" data=\"http:\/\/monteeshistoriques.corsica\/wp-content\/uploads\/2022\/03\/Trace-2eme-jour.pdf\" type=\"application\/pdf\" style=\"width:100%;height:600px\" aria-label=\"Contenu embarqu\u00e9 Contenu embarqu\u00e9  MH Borgo Vignale Lucciana - trac\u00e9 J2..\"><\/object><a href=\"http:\/\/monteeshistoriques.corsica\/wp-content\/uploads\/2022\/03\/Trace-2eme-jour.pdf\"> MH Borgo Vignale Lucciana &#8211; trac\u00e9 J2<\/a><a href=\"http:\/\/monteeshistoriques.corsica\/wp-content\/uploads\/2022\/03\/Trace-2eme-jour.pdf\" class=\"wp-block-file__button\" download>T\u00e9l\u00e9charger<\/a><\/div>\n\n\n\n<p><\/p>\n","protected":false},"excerpt":{"rendered":"","protected":false},"author":1,"featured_media":0,"parent":0,"menu_order":0,"comment_status":"closed","ping_status":"closed","template":"","meta":{"footnotes":""},"class_list":["post-688","page","type-page","status-publish","hentry"],"_links":{"self":[{"href":"https:\/\/monteeshistoriques.corsica\/index.php\/wp-json\/wp\/v2\/pages\/688","targetHints":{"allow":["GET"]}}],"collection":[{"href":"https:\/\/monteeshistoriques.corsica\/index.php\/wp-json\/wp\/v2\/pages"}],"about":[{"href":"https:\/\/monteeshistoriques.corsica\/index.php\/wp-json\/wp\/v2\/types\/page"}],"author":[{"embeddable":true,"href":"https:\/\/monteeshistoriques.corsica\/index.php\/wp-json\/wp\/v2\/users\/1"}],"replies":[{"embeddable":true,"href":"https:\/\/monteeshistoriques.corsica\/index.php\/wp-json\/wp\/v2\/comments?post=688"}],"version-history":[{"count":3,"href":"https:\/\/monteeshistoriques.corsica\/index.php\/wp-json\/wp\/v2\/pages\/688\/revisions"}],"predecessor-version":[{"id":713,"href":"https:\/\/monteeshistoriques.corsica\/index.php\/wp-json\/wp\/v2\/pages\/688\/revisions\/713"}],"wp:attachment":[{"href":"https:\/\/monteeshistoriques.corsica\/index.php\/wp-json\/wp\/v2\/media?parent=688"}],"curies":[{"name":"wp","href":"https:\/\/api.w.org\/{rel}","templated":true}]}}