{"id":758,"date":"2022-06-23T15:11:37","date_gmt":"2022-06-23T13:11:37","guid":{"rendered":"http:\/\/monteeshistoriques.corsica\/?page_id=758"},"modified":"2023-06-22T21:10:07","modified_gmt":"2023-06-22T19:10:07","slug":"engagement-la-porta-2022","status":"publish","type":"page","link":"https:\/\/monteeshistoriques.corsica\/index.php\/engagement-la-porta-2022\/","title":{"rendered":"Engagement"},"content":{"rendered":"\n<p>Ci-dessous le formulaire d&rsquo;engagement 2023, au format PDF t\u00e9l\u00e9chargeable ou au format DOC remplissable via un logiciel de traitement de texte (Word, Libroffice&#8230;).<br><br>Nous vous rappelons que les dossiers doivent \u00eatre transmis ou d\u00e9pos\u00e9s dans leur totalit\u00e9 au plus tard le 10 septembre 2023.<br><br>Aucune inscription ne sera accept\u00e9e par voie t\u00e9l\u00e9phonique \u00e0 des fins de bonne organisation.<\/p>\n\n\n\n<p>Nous vous remercions de votre compr\u00e9hension et de votre participation.<\/p>\n\n\n\n<div class=\"wp-block-file\"><a id=\"wp-block-file--media-f4505eb0-395c-46ff-9d27-b46d4a46e0e3\" href=\"http:\/\/monteeshistoriques.corsica\/wp-content\/uploads\/2023\/06\/Dossier-engagement-DOC-2023.doc\">Dossier-engagement-DOC-2023<\/a><a href=\"http:\/\/monteeshistoriques.corsica\/wp-content\/uploads\/2023\/06\/Dossier-engagement-DOC-2023.doc\" class=\"wp-block-file__button\" download aria-describedby=\"wp-block-file--media-f4505eb0-395c-46ff-9d27-b46d4a46e0e3\">T\u00e9l\u00e9charger<\/a><\/div>\n\n\n\n<div data-wp-interactive=\"core\/file\" class=\"wp-block-file\"><object data-wp-bind--hidden=\"!state.hasPdfPreview\" hidden class=\"wp-block-file__embed\" data=\"http:\/\/monteeshistoriques.corsica\/wp-content\/uploads\/2023\/06\/Dossier-engagement-PDF-2023.pdf\" type=\"application\/pdf\" style=\"width:100%;height:600px\" aria-label=\"Contenu embarqu\u00e9 Contenu embarqu\u00e9 Dossier-engagement-PDF-2023..\"><\/object><a id=\"wp-block-file--media-db98e51e-6c0e-4022-aeaa-80ca5d05d153\" href=\"http:\/\/monteeshistoriques.corsica\/wp-content\/uploads\/2023\/06\/Dossier-engagement-PDF-2023.pdf\">Dossier-engagement-PDF-2023<\/a><a href=\"http:\/\/monteeshistoriques.corsica\/wp-content\/uploads\/2023\/06\/Dossier-engagement-PDF-2023.pdf\" class=\"wp-block-file__button\" download aria-describedby=\"wp-block-file--media-db98e51e-6c0e-4022-aeaa-80ca5d05d153\">T\u00e9l\u00e9charger<\/a><\/div>\n","protected":false},"excerpt":{"rendered":"<p>Ci-dessous le formulaire d&rsquo;engagement 2023, au format PDF t\u00e9l\u00e9chargeable ou au format DOC remplissable via un logiciel de traitement de&hellip;<\/p>\n","protected":false},"author":1,"featured_media":0,"parent":0,"menu_order":0,"comment_status":"closed","ping_status":"closed","template":"","meta":{"footnotes":""},"class_list":["post-758","page","type-page","status-publish","hentry"],"_links":{"self":[{"href":"https:\/\/monteeshistoriques.corsica\/index.php\/wp-json\/wp\/v2\/pages\/758","targetHints":{"allow":["GET"]}}],"collection":[{"href":"https:\/\/monteeshistoriques.corsica\/index.php\/wp-json\/wp\/v2\/pages"}],"about":[{"href":"https:\/\/monteeshistoriques.corsica\/index.php\/wp-json\/wp\/v2\/types\/page"}],"author":[{"embeddable":true,"href":"https:\/\/monteeshistoriques.corsica\/index.php\/wp-json\/wp\/v2\/users\/1"}],"replies":[{"embeddable":true,"href":"https:\/\/monteeshistoriques.corsica\/index.php\/wp-json\/wp\/v2\/comments?post=758"}],"version-history":[{"count":9,"href":"https:\/\/monteeshistoriques.corsica\/index.php\/wp-json\/wp\/v2\/pages\/758\/revisions"}],"predecessor-version":[{"id":882,"href":"https:\/\/monteeshistoriques.corsica\/index.php\/wp-json\/wp\/v2\/pages\/758\/revisions\/882"}],"wp:attachment":[{"href":"https:\/\/monteeshistoriques.corsica\/index.php\/wp-json\/wp\/v2\/media?parent=758"}],"curies":[{"name":"wp","href":"https:\/\/api.w.org\/{rel}","templated":true}]}}