{"id":767,"date":"2022-06-23T15:14:59","date_gmt":"2022-06-23T13:14:59","guid":{"rendered":"http:\/\/monteeshistoriques.corsica\/?page_id=767"},"modified":"2023-06-26T21:42:30","modified_gmt":"2023-06-26T19:42:30","slug":"edition-2022-la-porta","status":"publish","type":"page","link":"https:\/\/monteeshistoriques.corsica\/index.php\/edition-2022-la-porta\/","title":{"rendered":"Edition 2023"},"content":{"rendered":"\n<p>Bienvenue sur la page qui regroupe les informations sur la Mont\u00e9e Historique de La Porta &#8211; Castagniccia.<\/p>\n\n\n\n<p><\/p>\n\n\n\n<p>Cette manifestation, port\u00e9e par l&rsquo;association Machja Mutori se d\u00e9roulera les <strong>23 et 24 septembre 2023<\/strong> pour la 7\u00e8me fois !<\/p>\n\n\n\n<p>Le programme est disponible dans le sous menu ou via le lien <a href=\"http:\/\/monteeshistoriques.corsica\/index.php\/programme-7\/\">programme<\/a>. <\/p>\n\n\n\n<p>Le <a href=\"http:\/\/monteeshistoriques.corsica\/index.php\/engagement-la-porta-2022\/\">formulaire d&rsquo;engagement<\/a> \u00e9galement disponible.<\/p>\n\n\n\n<p>Les informations relatives \u00e0 la s\u00e9curit\u00e9 sont contenues dans le RTS.<\/p>\n\n\n\n<p>Nous vous rappelons que le port du casque est<strong> obligatoire !<\/strong><\/p>\n\n\n\n<p>La pr\u00e9sence d&rsquo;un extincteur, d&rsquo;un gilet et d&rsquo;un triangle de pr\u00e9signalisation sont \u00e9galement v\u00e9rifi\u00e9s lors de la pr\u00e9sentation du v\u00e9hicule aux v\u00e9rifications techniques.<\/p>\n\n\n\n<p>La licence sportive automobile n&rsquo;est pas obligatoire, la pr\u00e9sentation d&rsquo;un certificat m\u00e9dical de moins de 3 mois vous autorisant \u00e0 la pratique du sport automobile de loisir est valable pour participer \u00e0 la mont\u00e9e historique de La Porta.<\/p>\n\n\n\n<p>Afin de r\u00e9server votre place, pensez \u00e0 nous faire parvenir au plus vite vos documents pour participer \u00e0 cet \u00e9v\u00e8nement exceptionnel au coeur de la Castagniccia !<br><br>A tr\u00e8s vite.<\/p>\n\n\n\n<p>L&rsquo;\u00e9quipe Machja Mutori<\/p>\n","protected":false},"excerpt":{"rendered":"<p>Bienvenue sur la page qui regroupe les informations sur la Mont\u00e9e Historique de La Porta &#8211; Castagniccia. Cette manifestation, port\u00e9e&hellip;<\/p>\n","protected":false},"author":1,"featured_media":0,"parent":0,"menu_order":0,"comment_status":"closed","ping_status":"closed","template":"","meta":{"footnotes":""},"class_list":["post-767","page","type-page","status-publish","hentry"],"_links":{"self":[{"href":"https:\/\/monteeshistoriques.corsica\/index.php\/wp-json\/wp\/v2\/pages\/767","targetHints":{"allow":["GET"]}}],"collection":[{"href":"https:\/\/monteeshistoriques.corsica\/index.php\/wp-json\/wp\/v2\/pages"}],"about":[{"href":"https:\/\/monteeshistoriques.corsica\/index.php\/wp-json\/wp\/v2\/types\/page"}],"author":[{"embeddable":true,"href":"https:\/\/monteeshistoriques.corsica\/index.php\/wp-json\/wp\/v2\/users\/1"}],"replies":[{"embeddable":true,"href":"https:\/\/monteeshistoriques.corsica\/index.php\/wp-json\/wp\/v2\/comments?post=767"}],"version-history":[{"count":8,"href":"https:\/\/monteeshistoriques.corsica\/index.php\/wp-json\/wp\/v2\/pages\/767\/revisions"}],"predecessor-version":[{"id":890,"href":"https:\/\/monteeshistoriques.corsica\/index.php\/wp-json\/wp\/v2\/pages\/767\/revisions\/890"}],"wp:attachment":[{"href":"https:\/\/monteeshistoriques.corsica\/index.php\/wp-json\/wp\/v2\/media?parent=767"}],"curies":[{"name":"wp","href":"https:\/\/api.w.org\/{rel}","templated":true}]}}