{"id":772,"date":"2022-06-23T15:47:58","date_gmt":"2022-06-23T13:47:58","guid":{"rendered":"http:\/\/monteeshistoriques.corsica\/?page_id=772"},"modified":"2023-06-22T21:01:16","modified_gmt":"2023-06-22T19:01:16","slug":"programme-7","status":"publish","type":"page","link":"https:\/\/monteeshistoriques.corsica\/index.php\/programme-7\/","title":{"rendered":"Programme"},"content":{"rendered":"\n<p>Retrouvez ci-dessous le programme de l&rsquo;\u00e9dition 2022 de la Mont\u00e9e Historique de La Porta &#8211; Castagniccia.<br><br>Une \u00e9dition exceptionnelle apr\u00e8s une annulation forc\u00e9e en 2021 en raison des grandes contraintes sanitaires.<\/p>\n\n\n\n<p>Renvoyez nous rapidement votre formulaire d&rsquo;engagement pour participer \u00e0 cette \u00e9preuve tant appr\u00e9ci\u00e9e depuis 2016 !<\/p>\n\n\n\n<div data-wp-interactive=\"core\/file\" class=\"wp-block-file\"><object data-wp-bind--hidden=\"!state.hasPdfPreview\" hidden class=\"wp-block-file__embed\" data=\"http:\/\/monteeshistoriques.corsica\/wp-content\/uploads\/2023\/06\/Programme-2023-La-Porta.pdf\" type=\"application\/pdf\" style=\"width:100%;height:600px\" aria-label=\"Contenu embarqu\u00e9 Contenu embarqu\u00e9 Programme-2023-La-Porta..\"><\/object><a id=\"wp-block-file--media-340bc1a6-1d43-46a9-a6c6-686cd5f616e8\" href=\"http:\/\/monteeshistoriques.corsica\/wp-content\/uploads\/2023\/06\/Programme-2023-La-Porta.pdf\">Programme-2023-La-Porta<\/a><a href=\"http:\/\/monteeshistoriques.corsica\/wp-content\/uploads\/2023\/06\/Programme-2023-La-Porta.pdf\" class=\"wp-block-file__button\" download aria-describedby=\"wp-block-file--media-340bc1a6-1d43-46a9-a6c6-686cd5f616e8\">T\u00e9l\u00e9charger<\/a><\/div>\n","protected":false},"excerpt":{"rendered":"<p>Retrouvez ci-dessous le programme de l&rsquo;\u00e9dition 2022 de la Mont\u00e9e Historique de La Porta &#8211; Castagniccia. Une \u00e9dition exceptionnelle apr\u00e8s&hellip;<\/p>\n","protected":false},"author":1,"featured_media":0,"parent":0,"menu_order":0,"comment_status":"closed","ping_status":"closed","template":"","meta":{"footnotes":""},"class_list":["post-772","page","type-page","status-publish","hentry"],"_links":{"self":[{"href":"https:\/\/monteeshistoriques.corsica\/index.php\/wp-json\/wp\/v2\/pages\/772","targetHints":{"allow":["GET"]}}],"collection":[{"href":"https:\/\/monteeshistoriques.corsica\/index.php\/wp-json\/wp\/v2\/pages"}],"about":[{"href":"https:\/\/monteeshistoriques.corsica\/index.php\/wp-json\/wp\/v2\/types\/page"}],"author":[{"embeddable":true,"href":"https:\/\/monteeshistoriques.corsica\/index.php\/wp-json\/wp\/v2\/users\/1"}],"replies":[{"embeddable":true,"href":"https:\/\/monteeshistoriques.corsica\/index.php\/wp-json\/wp\/v2\/comments?post=772"}],"version-history":[{"count":3,"href":"https:\/\/monteeshistoriques.corsica\/index.php\/wp-json\/wp\/v2\/pages\/772\/revisions"}],"predecessor-version":[{"id":878,"href":"https:\/\/monteeshistoriques.corsica\/index.php\/wp-json\/wp\/v2\/pages\/772\/revisions\/878"}],"wp:attachment":[{"href":"https:\/\/monteeshistoriques.corsica\/index.php\/wp-json\/wp\/v2\/media?parent=772"}],"curies":[{"name":"wp","href":"https:\/\/api.w.org\/{rel}","templated":true}]}}