{"id":794,"date":"2023-02-20T19:23:56","date_gmt":"2023-02-20T18:23:56","guid":{"rendered":"http:\/\/monteeshistoriques.corsica\/?page_id=794"},"modified":"2023-02-20T20:23:26","modified_gmt":"2023-02-20T19:23:26","slug":"montee-historique-de-speloncato","status":"publish","type":"page","link":"https:\/\/monteeshistoriques.corsica\/index.php\/montee-historique-de-speloncato\/","title":{"rendered":"Mont\u00e9e Historique de Speloncato"},"content":{"rendered":"\n<p>Toutes les infos utiles concernant la mont\u00e9e historique de Speloncato.<br><br>Cette mont\u00e9e historique est co-organis\u00e9e par Machja Mutori et Strada e Mutori Balanini.<\/p>\n\n\n\n<p>En tant qu&rsquo;organisateur exp\u00e9riment\u00e9 Machja Mutori apporte son soutien pour la cr\u00e9ation de l&rsquo;\u00e9v\u00e8nement.<\/p>\n\n\n\n<p>Programme, cartes, affiche, formulaire d\u2019engagement sont disponibles dans les sous menus.<\/p>\n\n\n\n<p>Suivez nous sur les r\u00e9seaux sociaux !<\/p>\n\n\n\n<p><\/p>\n\n\n\n<p>Bonne lecture !<\/p>\n\n\n\n<div class=\"wp-block-image\"><figure class=\"aligncenter size-large\"><img loading=\"lazy\" decoding=\"async\" width=\"800\" height=\"1422\" src=\"http:\/\/monteeshistoriques.corsica\/wp-content\/uploads\/2023\/02\/montee-historique-de-speloncato-edited.png\" alt=\"\" class=\"wp-image-827\" srcset=\"https:\/\/monteeshistoriques.corsica\/wp-content\/uploads\/2023\/02\/montee-historique-de-speloncato-edited.png 800w, https:\/\/monteeshistoriques.corsica\/wp-content\/uploads\/2023\/02\/montee-historique-de-speloncato-edited-169x300.png 169w, https:\/\/monteeshistoriques.corsica\/wp-content\/uploads\/2023\/02\/montee-historique-de-speloncato-edited-576x1024.png 576w, https:\/\/monteeshistoriques.corsica\/wp-content\/uploads\/2023\/02\/montee-historique-de-speloncato-edited-768x1365.png 768w\" sizes=\"auto, (max-width: 800px) 100vw, 800px\" \/><\/figure><\/div>\n\n\n\n<p><\/p>\n","protected":false},"excerpt":{"rendered":"<p>Toutes les infos utiles concernant la mont\u00e9e historique de Speloncato. Cette mont\u00e9e historique est co-organis\u00e9e par Machja Mutori et Strada&hellip;<\/p>\n","protected":false},"author":1,"featured_media":0,"parent":0,"menu_order":0,"comment_status":"closed","ping_status":"closed","template":"","meta":{"footnotes":""},"class_list":["post-794","page","type-page","status-publish","hentry"],"_links":{"self":[{"href":"https:\/\/monteeshistoriques.corsica\/index.php\/wp-json\/wp\/v2\/pages\/794","targetHints":{"allow":["GET"]}}],"collection":[{"href":"https:\/\/monteeshistoriques.corsica\/index.php\/wp-json\/wp\/v2\/pages"}],"about":[{"href":"https:\/\/monteeshistoriques.corsica\/index.php\/wp-json\/wp\/v2\/types\/page"}],"author":[{"embeddable":true,"href":"https:\/\/monteeshistoriques.corsica\/index.php\/wp-json\/wp\/v2\/users\/1"}],"replies":[{"embeddable":true,"href":"https:\/\/monteeshistoriques.corsica\/index.php\/wp-json\/wp\/v2\/comments?post=794"}],"version-history":[{"count":3,"href":"https:\/\/monteeshistoriques.corsica\/index.php\/wp-json\/wp\/v2\/pages\/794\/revisions"}],"predecessor-version":[{"id":828,"href":"https:\/\/monteeshistoriques.corsica\/index.php\/wp-json\/wp\/v2\/pages\/794\/revisions\/828"}],"wp:attachment":[{"href":"https:\/\/monteeshistoriques.corsica\/index.php\/wp-json\/wp\/v2\/media?parent=794"}],"curies":[{"name":"wp","href":"https:\/\/api.w.org\/{rel}","templated":true}]}}