{"id":893,"date":"2023-12-19T11:56:43","date_gmt":"2023-12-19T10:56:43","guid":{"rendered":"https:\/\/monteeshistoriques.corsica\/?page_id=893"},"modified":"2024-04-23T21:40:09","modified_gmt":"2024-04-23T19:40:09","slug":"montee-historique-de-francardo","status":"publish","type":"page","link":"https:\/\/monteeshistoriques.corsica\/index.php\/montee-historique-de-francardo\/","title":{"rendered":"Mont\u00e9e Historique de Castirla"},"content":{"rendered":"\n<p>Retrouvez sur cette page toutes les infos utiles concernant la mont\u00e9e historique de Castirla<br><br>Cette mont\u00e9e historique est co-organis\u00e9e par <strong>Machja Mutori<\/strong>, la <strong>commune de Castirla<\/strong> et l&rsquo;<strong>Associu Aghjalesi.<\/strong><\/p>\n\n\n\n<p>En tant qu&rsquo;organisateur exp\u00e9riment\u00e9 Machja Mutori apporte son soutien pour la cr\u00e9ation de l&rsquo;\u00e9v\u00e8nement.<\/p>\n\n\n\n<p class=\"has-text-align-left\"><strong><a href=\"https:\/\/monteeshistoriques.corsica\/index.php\/programme-castirla-2024\/\">Programme<\/a>,<\/strong> cartes, affiche, <strong><a href=\"https:\/\/monteeshistoriques.corsica\/index.php\/engagement-castirla-2024\/\">formulaire d\u2019engagement<\/a> <\/strong>sont disponibles dans les sous menus ou via les liens en surbrillance.<br><br>Pour toute information, merci de joindre Corine PERETTI, qui est charg\u00e9e des engagements et de la gestion administrative de l&rsquo;\u00e9v\u00e8nement. <br>Soit par mail, soit par t\u00e9l\u00e9phone.<\/p>\n\n\n\n<p class=\"has-text-align-center\"><strong>corine.peretti2b@gmail.com &#8211; 06 15 43 07 08<\/strong><\/p>\n\n\n\n<p>Suivez nous sur les r\u00e9seaux sociaux !<\/p>\n\n\n\n<p>Bonne lecture !<\/p>\n","protected":false},"excerpt":{"rendered":"<p>Retrouvez sur cette page toutes les infos utiles concernant la mont\u00e9e historique de Castirla Cette mont\u00e9e historique est co-organis\u00e9e par&hellip;<\/p>\n","protected":false},"author":1,"featured_media":0,"parent":0,"menu_order":0,"comment_status":"closed","ping_status":"closed","template":"","meta":{"footnotes":""},"class_list":["post-893","page","type-page","status-publish","hentry"],"_links":{"self":[{"href":"https:\/\/monteeshistoriques.corsica\/index.php\/wp-json\/wp\/v2\/pages\/893","targetHints":{"allow":["GET"]}}],"collection":[{"href":"https:\/\/monteeshistoriques.corsica\/index.php\/wp-json\/wp\/v2\/pages"}],"about":[{"href":"https:\/\/monteeshistoriques.corsica\/index.php\/wp-json\/wp\/v2\/types\/page"}],"author":[{"embeddable":true,"href":"https:\/\/monteeshistoriques.corsica\/index.php\/wp-json\/wp\/v2\/users\/1"}],"replies":[{"embeddable":true,"href":"https:\/\/monteeshistoriques.corsica\/index.php\/wp-json\/wp\/v2\/comments?post=893"}],"version-history":[{"count":6,"href":"https:\/\/monteeshistoriques.corsica\/index.php\/wp-json\/wp\/v2\/pages\/893\/revisions"}],"predecessor-version":[{"id":1013,"href":"https:\/\/monteeshistoriques.corsica\/index.php\/wp-json\/wp\/v2\/pages\/893\/revisions\/1013"}],"wp:attachment":[{"href":"https:\/\/monteeshistoriques.corsica\/index.php\/wp-json\/wp\/v2\/media?parent=893"}],"curies":[{"name":"wp","href":"https:\/\/api.w.org\/{rel}","templated":true}]}}