{"id":896,"date":"2023-12-19T12:00:58","date_gmt":"2023-12-19T11:00:58","guid":{"rendered":"https:\/\/monteeshistoriques.corsica\/?page_id=896"},"modified":"2026-02-05T08:11:51","modified_gmt":"2026-02-05T07:11:51","slug":"agenda","status":"publish","type":"page","link":"https:\/\/monteeshistoriques.corsica\/index.php\/agenda\/","title":{"rendered":"Agenda"},"content":{"rendered":"\n<h2 class=\"wp-block-heading\">\ud83d\udcc5 Calendrier des Mont\u00e9es Historiques de Corse 2026 \ud83c\udfce\ufe0f<\/h2>\n\n\n\n<p>D\u00e9couvrez les dates des Mont\u00e9es Historiques de Corse pour l\u2019ann\u00e9e 2026 et venez vibrer sur les plus belles routes de l\u2019\u00eele !<\/p>\n\n\n\n<p>\ud83d\ude97 <strong>Speloncato \u2013 Ville di Paraso<\/strong><br><strong>\u26a0\ufe0f\u26a0\ufe0f\u26a0\ufe0fCHANGEMENT DE DATE \u26a0\ufe0f\u26a0\ufe0f\u26a0\ufe0f<\/strong><br>\ud83d\udcc6 Samedi 25 et dimanche 26 avril 2026<\/p>\n\n\n\n<p>\ud83d\ude97 <strong>Ponte-Leccia<\/strong><br>\ud83d\udcc6 Samedi 9 et dimanche 10 mai 2026<\/p>\n\n\n\n<p>\ud83d\ude97 <strong>Borgo \u2013 Lucciana <strong>\u2013<\/strong> Vignale \u2013 Volpajola<\/strong><br>\ud83d\udcc6 Samedi 30 et dimanche 31 mai 2026<\/p>\n\n\n\n<p>\ud83d\ude97 <strong>Campile \u2013 Penta-Acquatella<\/strong><br>\ud83d\udcc6 Samedi 20 et dimanche 21 juin 2026<\/p>\n\n\n\n<p>\ud83d\ude97 <strong>Castirla<\/strong><br>\ud83d\udcc6 Samedi 4 et dimanche 5 juillet 2026<\/p>\n\n\n\n<p>\ud83d\ude97 <strong>Coti-Chiavari<\/strong><br>\ud83d\udcc6 Samedi 5 et dimanche 6 septembre 2026<br>\u27a1\ufe0f D\u00e9monstration moderne et historique en doublure<\/p>\n\n\n\n<p>\ud83d\ude97 <strong>La Porta \u2013 Castagniccia<\/strong><br>\ud83d\udcc6 Samedi 26 et dimanche 27 septembre 2026<\/p>\n\n\n\n<p>\ud83d\udd27 Pr\u00e9parez vos voitures, r\u00e9servez vos dates et rejoignez nous pour une nouvelle saison plac\u00e9e sous le signe de la passion automobile !<\/p>\n","protected":false},"excerpt":{"rendered":"<p>\ud83d\udcc5 Calendrier des Mont\u00e9es Historiques de Corse 2026 \ud83c\udfce\ufe0f D\u00e9couvrez les dates des Mont\u00e9es Historiques de Corse pour l\u2019ann\u00e9e 2026&hellip;<\/p>\n","protected":false},"author":1,"featured_media":0,"parent":0,"menu_order":0,"comment_status":"closed","ping_status":"closed","template":"","meta":{"footnotes":""},"class_list":["post-896","page","type-page","status-publish","hentry"],"_links":{"self":[{"href":"https:\/\/monteeshistoriques.corsica\/index.php\/wp-json\/wp\/v2\/pages\/896","targetHints":{"allow":["GET"]}}],"collection":[{"href":"https:\/\/monteeshistoriques.corsica\/index.php\/wp-json\/wp\/v2\/pages"}],"about":[{"href":"https:\/\/monteeshistoriques.corsica\/index.php\/wp-json\/wp\/v2\/types\/page"}],"author":[{"embeddable":true,"href":"https:\/\/monteeshistoriques.corsica\/index.php\/wp-json\/wp\/v2\/users\/1"}],"replies":[{"embeddable":true,"href":"https:\/\/monteeshistoriques.corsica\/index.php\/wp-json\/wp\/v2\/comments?post=896"}],"version-history":[{"count":9,"href":"https:\/\/monteeshistoriques.corsica\/index.php\/wp-json\/wp\/v2\/pages\/896\/revisions"}],"predecessor-version":[{"id":1259,"href":"https:\/\/monteeshistoriques.corsica\/index.php\/wp-json\/wp\/v2\/pages\/896\/revisions\/1259"}],"wp:attachment":[{"href":"https:\/\/monteeshistoriques.corsica\/index.php\/wp-json\/wp\/v2\/media?parent=896"}],"curies":[{"name":"wp","href":"https:\/\/api.w.org\/{rel}","templated":true}]}}