{"id":907,"date":"2023-12-19T15:05:49","date_gmt":"2023-12-19T14:05:49","guid":{"rendered":"https:\/\/monteeshistoriques.corsica\/?page_id=907"},"modified":"2024-04-22T22:25:08","modified_gmt":"2024-04-22T20:25:08","slug":"edition-2024-3","status":"publish","type":"page","link":"https:\/\/monteeshistoriques.corsica\/index.php\/edition-2024-3\/","title":{"rendered":"Edition 2024"},"content":{"rendered":"\n<p>Bienvenue sur la page qui regroupe les informations sur la Mont\u00e9e Historique de Borgo &#8211; Vignale &#8211; Lucciana.<\/p>\n\n\n\n<p>Cette manifestation, port\u00e9e par l\u2019association Machja Mutori se d\u00e9roulera les&nbsp;<strong>18 et 19 mai 2024<\/strong>&nbsp;pour la 4\u00e8me fois !<\/p>\n\n\n\n<p>Le programme est disponible dans le sous menu ou via le lien&nbsp;programme.<\/p>\n\n\n\n<p>Le&nbsp;formulaire d\u2019engagement&nbsp;\u00e9galement disponible via <a href=\"https:\/\/monteeshistoriques.corsica\/index.php\/borgo-engagement-2024\/\">ce lien<\/a>.<\/p>\n\n\n\n<p>Les informations relatives \u00e0 la s\u00e9curit\u00e9 sont contenues dans le RTS.<\/p>\n\n\n\n<p>Nous vous rappelons que le port du casque est<strong>&nbsp;obligatoire !<\/strong><\/p>\n\n\n\n<p>La pr\u00e9sence d\u2019un extincteur, d\u2019un gilet et d\u2019un triangle de pr\u00e9signalisation sont \u00e9galement v\u00e9rifi\u00e9s lors de la pr\u00e9sentation du v\u00e9hicule aux v\u00e9rifications techniques.<\/p>\n\n\n\n<p>La licence sportive automobile n\u2019est pas obligatoire, la pr\u00e9sentation d\u2019un certificat m\u00e9dical de moins de 3 mois vous autorisant \u00e0 la pratique du sport automobile de loisir est valable pour participer \u00e0 la mont\u00e9e historique de La Borgo &#8211; Vignale &#8211; Lucciana.<\/p>\n\n\n\n<p>Afin de r\u00e9server votre place, pensez \u00e0 nous faire parvenir au plus vite vos documents pour participer \u00e0 cet \u00e9v\u00e8nement exceptionnel a quelques encablures de Bastia !<br><br>A tr\u00e8s vite.<\/p>\n\n\n\n<p>L\u2019\u00e9quipe Machja Mutori<\/p>\n\n\n<div class=\"wp-block-image\">\n<figure class=\"aligncenter size-large\"><img loading=\"lazy\" decoding=\"async\" width=\"724\" height=\"1024\" src=\"https:\/\/monteeshistoriques.corsica\/wp-content\/uploads\/2024\/04\/IMG-20240222-WA0000-724x1024.jpg\" alt=\"\" class=\"wp-image-966\" srcset=\"https:\/\/monteeshistoriques.corsica\/wp-content\/uploads\/2024\/04\/IMG-20240222-WA0000-724x1024.jpg 724w, https:\/\/monteeshistoriques.corsica\/wp-content\/uploads\/2024\/04\/IMG-20240222-WA0000-212x300.jpg 212w, https:\/\/monteeshistoriques.corsica\/wp-content\/uploads\/2024\/04\/IMG-20240222-WA0000-768x1086.jpg 768w, https:\/\/monteeshistoriques.corsica\/wp-content\/uploads\/2024\/04\/IMG-20240222-WA0000-1086x1536.jpg 1086w, https:\/\/monteeshistoriques.corsica\/wp-content\/uploads\/2024\/04\/IMG-20240222-WA0000.jpg 1131w\" sizes=\"auto, (max-width: 724px) 100vw, 724px\" \/><\/figure>\n<\/div>\n\n\n<p><\/p>\n","protected":false},"excerpt":{"rendered":"<p>Bienvenue sur la page qui regroupe les informations sur la Mont\u00e9e Historique de Borgo &#8211; Vignale &#8211; Lucciana. Cette manifestation,&hellip;<\/p>\n","protected":false},"author":1,"featured_media":0,"parent":0,"menu_order":0,"comment_status":"closed","ping_status":"closed","template":"","meta":{"footnotes":""},"class_list":["post-907","page","type-page","status-publish","hentry"],"_links":{"self":[{"href":"https:\/\/monteeshistoriques.corsica\/index.php\/wp-json\/wp\/v2\/pages\/907","targetHints":{"allow":["GET"]}}],"collection":[{"href":"https:\/\/monteeshistoriques.corsica\/index.php\/wp-json\/wp\/v2\/pages"}],"about":[{"href":"https:\/\/monteeshistoriques.corsica\/index.php\/wp-json\/wp\/v2\/types\/page"}],"author":[{"embeddable":true,"href":"https:\/\/monteeshistoriques.corsica\/index.php\/wp-json\/wp\/v2\/users\/1"}],"replies":[{"embeddable":true,"href":"https:\/\/monteeshistoriques.corsica\/index.php\/wp-json\/wp\/v2\/comments?post=907"}],"version-history":[{"count":6,"href":"https:\/\/monteeshistoriques.corsica\/index.php\/wp-json\/wp\/v2\/pages\/907\/revisions"}],"predecessor-version":[{"id":986,"href":"https:\/\/monteeshistoriques.corsica\/index.php\/wp-json\/wp\/v2\/pages\/907\/revisions\/986"}],"wp:attachment":[{"href":"https:\/\/monteeshistoriques.corsica\/index.php\/wp-json\/wp\/v2\/media?parent=907"}],"curies":[{"name":"wp","href":"https:\/\/api.w.org\/{rel}","templated":true}]}}