{"id":968,"date":"2024-04-22T21:22:16","date_gmt":"2024-04-22T19:22:16","guid":{"rendered":"https:\/\/monteeshistoriques.corsica\/?page_id=968"},"modified":"2024-04-23T21:39:11","modified_gmt":"2024-04-23T19:39:11","slug":"programme-castirla-2024","status":"publish","type":"page","link":"https:\/\/monteeshistoriques.corsica\/index.php\/programme-castirla-2024\/","title":{"rendered":"Programme"},"content":{"rendered":"\n<p>Retrouvez sur cette page, le programme de la Mont\u00e9e Historique de Campile.<\/p>\n\n\n\n<div style=\"height:25px\" aria-hidden=\"true\" class=\"wp-block-spacer\"><\/div>\n\n\n\n<p>En bas de page, vous pouvez t\u00e9l\u00e9charger le <strong><a href=\"https:\/\/monteeshistoriques.corsica\/wp-content\/uploads\/2024\/04\/Programme-MH-Castirla-1.pdf\">programme au format PDF.<\/a> <\/strong><br><br>Le programme sera remis \u00e0 chaque concurrent lors des v\u00e9rifications administratives.<\/p>\n\n\n\n<hr class=\"wp-block-separator has-alpha-channel-opacity\"\/>\n\n\n<div class=\"wp-block-image\">\n<figure class=\"aligncenter size-large is-resized\"><img loading=\"lazy\" decoding=\"async\" width=\"724\" height=\"1024\" src=\"https:\/\/monteeshistoriques.corsica\/wp-content\/uploads\/2024\/04\/Programme-MH-Castirla_page-0001-724x1024.jpg\" alt=\"\" class=\"wp-image-987\" style=\"width:840px;height:auto\" srcset=\"https:\/\/monteeshistoriques.corsica\/wp-content\/uploads\/2024\/04\/Programme-MH-Castirla_page-0001-724x1024.jpg 724w, https:\/\/monteeshistoriques.corsica\/wp-content\/uploads\/2024\/04\/Programme-MH-Castirla_page-0001-212x300.jpg 212w, https:\/\/monteeshistoriques.corsica\/wp-content\/uploads\/2024\/04\/Programme-MH-Castirla_page-0001-768x1086.jpg 768w, https:\/\/monteeshistoriques.corsica\/wp-content\/uploads\/2024\/04\/Programme-MH-Castirla_page-0001-1086x1536.jpg 1086w, https:\/\/monteeshistoriques.corsica\/wp-content\/uploads\/2024\/04\/Programme-MH-Castirla_page-0001.jpg 1241w\" sizes=\"auto, (max-width: 724px) 100vw, 724px\" \/><\/figure>\n<\/div>\n\n<div class=\"wp-block-image\">\n<figure class=\"aligncenter size-large\"><img loading=\"lazy\" decoding=\"async\" width=\"724\" height=\"1024\" src=\"https:\/\/monteeshistoriques.corsica\/wp-content\/uploads\/2024\/04\/Programme-MH-Castirla_page-0002-724x1024.jpg\" alt=\"\" class=\"wp-image-988\" srcset=\"https:\/\/monteeshistoriques.corsica\/wp-content\/uploads\/2024\/04\/Programme-MH-Castirla_page-0002-724x1024.jpg 724w, https:\/\/monteeshistoriques.corsica\/wp-content\/uploads\/2024\/04\/Programme-MH-Castirla_page-0002-212x300.jpg 212w, https:\/\/monteeshistoriques.corsica\/wp-content\/uploads\/2024\/04\/Programme-MH-Castirla_page-0002-768x1086.jpg 768w, https:\/\/monteeshistoriques.corsica\/wp-content\/uploads\/2024\/04\/Programme-MH-Castirla_page-0002-1086x1536.jpg 1086w, https:\/\/monteeshistoriques.corsica\/wp-content\/uploads\/2024\/04\/Programme-MH-Castirla_page-0002.jpg 1241w\" sizes=\"auto, (max-width: 724px) 100vw, 724px\" \/><\/figure>\n<\/div>\n\n\n<div data-wp-interactive=\"core\/file\" class=\"wp-block-file\"><object data-wp-bind--hidden=\"!state.hasPdfPreview\" hidden class=\"wp-block-file__embed\" data=\"https:\/\/monteeshistoriques.corsica\/wp-content\/uploads\/2024\/04\/Programme-MH-Castirla-1.pdf\" type=\"application\/pdf\" style=\"width:100%;height:600px\" aria-label=\"Contenu embarqu\u00e9 &lt;strong&gt;Programme Mont\u00e9e Historique Castirla&lt;\/strong&gt;.\"><\/object><a id=\"wp-block-file--media-97d8c15c-80f1-45c8-8bb9-62d933a37a58\" href=\"https:\/\/monteeshistoriques.corsica\/wp-content\/uploads\/2024\/04\/Programme-MH-Castirla-1.pdf\"><strong>Programme Mont\u00e9e Historique Castirla<\/strong><\/a><a href=\"https:\/\/monteeshistoriques.corsica\/wp-content\/uploads\/2024\/04\/Programme-MH-Castirla-1.pdf\" class=\"wp-block-file__button wp-element-button\" download aria-describedby=\"wp-block-file--media-97d8c15c-80f1-45c8-8bb9-62d933a37a58\"><strong>T\u00e9l\u00e9charger<\/strong><\/a><\/div>\n","protected":false},"excerpt":{"rendered":"<p>Retrouvez sur cette page, le programme de la Mont\u00e9e Historique de Campile. En bas de page, vous pouvez t\u00e9l\u00e9charger le&hellip;<\/p>\n","protected":false},"author":1,"featured_media":0,"parent":0,"menu_order":0,"comment_status":"closed","ping_status":"closed","template":"","meta":{"footnotes":""},"class_list":["post-968","page","type-page","status-publish","hentry"],"_links":{"self":[{"href":"https:\/\/monteeshistoriques.corsica\/index.php\/wp-json\/wp\/v2\/pages\/968","targetHints":{"allow":["GET"]}}],"collection":[{"href":"https:\/\/monteeshistoriques.corsica\/index.php\/wp-json\/wp\/v2\/pages"}],"about":[{"href":"https:\/\/monteeshistoriques.corsica\/index.php\/wp-json\/wp\/v2\/types\/page"}],"author":[{"embeddable":true,"href":"https:\/\/monteeshistoriques.corsica\/index.php\/wp-json\/wp\/v2\/users\/1"}],"replies":[{"embeddable":true,"href":"https:\/\/monteeshistoriques.corsica\/index.php\/wp-json\/wp\/v2\/comments?post=968"}],"version-history":[{"count":14,"href":"https:\/\/monteeshistoriques.corsica\/index.php\/wp-json\/wp\/v2\/pages\/968\/revisions"}],"predecessor-version":[{"id":1012,"href":"https:\/\/monteeshistoriques.corsica\/index.php\/wp-json\/wp\/v2\/pages\/968\/revisions\/1012"}],"wp:attachment":[{"href":"https:\/\/monteeshistoriques.corsica\/index.php\/wp-json\/wp\/v2\/media?parent=968"}],"curies":[{"name":"wp","href":"https:\/\/api.w.org\/{rel}","templated":true}]}}